{"id":2815,"date":"2020-05-11T08:24:42","date_gmt":"2020-05-11T06:24:42","guid":{"rendered":"http:\/\/www.atopika.org\/djelatnosti\/svjetski-dan-ad\/"},"modified":"2020-06-29T09:14:53","modified_gmt":"2020-06-29T07:14:53","slug":"svjetski-dan-ad","status":"publish","type":"page","link":"https:\/\/www.atopika.org\/hr\/djelatnosti\/svjetski-dan-ad\/","title":{"rendered":"Svjetski dan AD"},"content":{"rendered":"\t\t<div data-elementor-type=\"wp-page\" data-elementor-id=\"2815\" class=\"elementor elementor-2815 elementor-1976\" data-elementor-post-type=\"page\">\n\t\t\t\t\t\t<section class=\"elementor-section elementor-top-section elementor-element elementor-element-c85c861 elementor-section-stretched elementor-section-boxed elementor-section-height-default elementor-section-height-default\" data-id=\"c85c861\" data-element_type=\"section\" data-e-type=\"section\" data-settings=\"{&quot;stretch_section&quot;:&quot;section-stretched&quot;}\">\n\t\t\t\t\t\t<div class=\"elementor-container elementor-column-gap-no\">\n\t\t\t\t\t<div class=\"elementor-column elementor-col-100 elementor-top-column elementor-element elementor-element-c1d06c7\" data-id=\"c1d06c7\" data-element_type=\"column\" data-e-type=\"column\">\n\t\t\t<div class=\"elementor-widget-wrap elementor-element-populated\">\n\t\t\t\t\t\t<div class=\"elementor-element elementor-element-50b75cb elementor-widget elementor-widget-template\" data-id=\"50b75cb\" data-element_type=\"widget\" data-e-type=\"widget\" data-widget_type=\"template.default\">\n\t\t\t\t<div class=\"elementor-widget-container\">\n\t\t\t\t\t\t\t<div class=\"elementor-template\">\n\t\t\t\t\t<div data-elementor-type=\"section\" data-elementor-id=\"645\" class=\"elementor elementor-645\" data-elementor-post-type=\"elementor_library\">\n\t\t\t<div class=\"elementor-element elementor-element-4b12155 e-flex e-con-boxed e-con e-parent\" data-id=\"4b12155\" data-element_type=\"container\" data-e-type=\"container\">\n\t\t\t\t\t<div class=\"e-con-inner\">\n\t\t\t\t\t<\/div>\n\t\t\t\t<\/div>\n\t\t\t\t<\/div>\n\t\t\t\t<\/div>\n\t\t\t\t\t\t<\/div>\n\t\t\t\t<\/div>\n\t\t\t\t\t<\/div>\n\t\t<\/div>\n\t\t\t\t\t<\/div>\n\t\t<\/section>\n\t\t\t\t<section class=\"elementor-section elementor-top-section elementor-element elementor-element-4711104 elementor-section-boxed elementor-section-height-default elementor-section-height-default\" data-id=\"4711104\" data-element_type=\"section\" data-e-type=\"section\">\n\t\t\t\t\t\t<div class=\"elementor-container elementor-column-gap-default\">\n\t\t\t\t\t<div class=\"elementor-column elementor-col-100 elementor-top-column elementor-element elementor-element-4848131\" data-id=\"4848131\" data-element_type=\"column\" data-e-type=\"column\">\n\t\t\t<div class=\"elementor-widget-wrap elementor-element-populated\">\n\t\t\t\t\t\t<div class=\"elementor-element elementor-element-45dbd3d elementor-widget elementor-widget-text-editor\" data-id=\"45dbd3d\" data-element_type=\"widget\" data-e-type=\"widget\" data-widget_type=\"text-editor.default\">\n\t\t\t\t<div class=\"elementor-widget-container\">\n\t\t\t\t\t\t\t\t\t<div class=\"tlid-input input\">\n<div class=\"source-wrap\">\n<div class=\"input-full-height-wrapper tlid-input-full-height-wrapper\">\n<div class=\"source-input\">\n<div class=\"source-footer-wrap source-or-target-footer\">\n<div class=\"character-count tlid-character-count\">\n<div class=\"cc-ctr normal\"><span style=\"font-size: 16px;\"><strong>14. rujna 2020\u00a0<\/strong>obilje\u017eava se tre\u0107i\u00a0<strong>Svjetski dan atopijskog dermatitisa<\/strong> s ciljem pobolj\u0161anja svijesti i razumijevanja atopijskog dermatitisa te pokazivanja po\u0161tovanja onima koji \u017eive s tom bole\u0161\u0107u kao i njihovim obiteljima. Svjetski dan atopijskog dermatitisa okuplja sve one koji snose posljedice bolesti i poti\u010de ih da podijele svoja iskustva, pove\u017eu se s lokalnom zajednicom i pozivaju na promjene. <strong>Vi\u0161e o ovogodi\u0161njem programu u postu u nastavku.<\/strong><\/span><\/div>\n<\/div>\n<\/div>\n<\/div>\n<\/div>\n<\/div>\n<\/div>\n\t\t\t\t\t\t\t\t<\/div>\n\t\t\t\t<\/div>\n\t\t\t\t\t<\/div>\n\t\t<\/div>\n\t\t\t\t\t<\/div>\n\t\t<\/section>\n\t\t\t\t<section data-dce-background-color=\"#F5F5F5\" class=\"elementor-section elementor-top-section elementor-element elementor-element-dfa757e elementor-section-boxed elementor-section-height-default elementor-section-height-default\" data-id=\"dfa757e\" data-element_type=\"section\" data-e-type=\"section\" data-settings=\"{&quot;background_background&quot;:&quot;classic&quot;}\">\n\t\t\t\t\t\t<div class=\"elementor-container elementor-column-gap-default\">\n\t\t\t\t\t<div class=\"elementor-column elementor-col-100 elementor-top-column elementor-element elementor-element-6e4cd0a\" data-id=\"6e4cd0a\" data-element_type=\"column\" data-e-type=\"column\">\n\t\t\t<div class=\"elementor-widget-wrap elementor-element-populated\">\n\t\t\t\t\t\t\t<\/div>\n\t\t<\/div>\n\t\t\t\t\t<\/div>\n\t\t<\/section>\n\t\t\t\t<\/div>\n\t\t","protected":false},"excerpt":{"rendered":"<p>14. rujna 2020\u00a0obilje\u017eava se tre\u0107i\u00a0Svjetski dan atopijskog dermatitisa s ciljem pobolj\u0161anja svijesti i razumijevanja atopijskog dermatitisa te pokazivanja po\u0161tovanja onima koji \u017eive s tom bole\u0161\u0107u kao i njihovim obiteljima. Svjetski dan atopijskog dermatitisa okuplja sve one koji snose posljedice bolesti i poti\u010de ih da podijele svoja iskustva, pove\u017eu se s lokalnom zajednicom i pozivaju na [&hellip;]<\/p>\n","protected":false},"author":4,"featured_media":0,"parent":2608,"menu_order":16,"comment_status":"closed","ping_status":"closed","template":"","meta":{"site-sidebar-layout":"no-sidebar","site-content-layout":"page-builder","ast-site-content-layout":"default","site-content-style":"default","site-sidebar-style":"default","ast-global-header-display":"","ast-banner-title-visibility":"","ast-main-header-display":"disabled","ast-hfb-above-header-display":"","ast-hfb-below-header-display":"","ast-hfb-mobile-header-display":"","site-post-title":"disabled","ast-breadcrumbs-content":"disabled","ast-featured-img":"disabled","footer-sml-layout":"","ast-disable-related-posts":"","theme-transparent-header-meta":"default","adv-header-id-meta":"","stick-header-meta":"","header-above-stick-meta":"","header-main-stick-meta":"","header-below-stick-meta":"","astra-migrate-meta-layouts":"default","ast-page-background-enabled":"default","ast-page-background-meta":{"desktop":{"background-color":"","background-image":"","background-repeat":"repeat","background-position":"center center","background-size":"auto","background-attachment":"scroll","background-type":"","background-media":"","overlay-type":"","overlay-color":"","overlay-opacity":"","overlay-gradient":""},"tablet":{"background-color":"","background-image":"","background-repeat":"repeat","background-position":"center center","background-size":"auto","background-attachment":"scroll","background-type":"","background-media":"","overlay-type":"","overlay-color":"","overlay-opacity":"","overlay-gradient":""},"mobile":{"background-color":"","background-image":"","background-repeat":"repeat","background-position":"center center","background-size":"auto","background-attachment":"scroll","background-type":"","background-media":"","overlay-type":"","overlay-color":"","overlay-opacity":"","overlay-gradient":""}},"ast-content-background-meta":{"desktop":{"background-color":"var(--ast-global-color-5)","background-image":"","background-repeat":"repeat","background-position":"center center","background-size":"auto","background-attachment":"scroll","background-type":"","background-media":"","overlay-type":"","overlay-color":"","overlay-opacity":"","overlay-gradient":""},"tablet":{"background-color":"var(--ast-global-color-5)","background-image":"","background-repeat":"repeat","background-position":"center center","background-size":"auto","background-attachment":"scroll","background-type":"","background-media":"","overlay-type":"","overlay-color":"","overlay-opacity":"","overlay-gradient":""},"mobile":{"background-color":"var(--ast-global-color-5)","background-image":"","background-repeat":"repeat","background-position":"center center","background-size":"auto","background-attachment":"scroll","background-type":"","background-media":"","overlay-type":"","overlay-color":"","overlay-opacity":"","overlay-gradient":""}},"footnotes":""},"class_list":["post-2815","page","type-page","status-publish","hentry"],"yoast_head":"<!-- This site is optimized with the Yoast SEO plugin v27.3 - https:\/\/yoast.com\/product\/yoast-seo-wordpress\/ -->\n<title>Svjetski dan AD - Atopika<\/title>\n<meta name=\"robots\" content=\"index, follow, max-snippet:-1, max-image-preview:large, max-video-preview:-1\" \/>\n<link rel=\"canonical\" href=\"https:\/\/www.atopika.org\/hr\/djelatnosti\/svjetski-dan-ad\/\" \/>\n<meta property=\"og:locale\" content=\"hr_HR\" \/>\n<meta property=\"og:type\" content=\"article\" \/>\n<meta property=\"og:title\" content=\"Svjetski dan AD - Atopika\" \/>\n<meta property=\"og:description\" content=\"14. rujna 2020\u00a0obilje\u017eava se tre\u0107i\u00a0Svjetski dan atopijskog dermatitisa s ciljem pobolj\u0161anja svijesti i razumijevanja atopijskog dermatitisa te pokazivanja po\u0161tovanja onima koji \u017eive s tom bole\u0161\u0107u kao i njihovim obiteljima. Svjetski dan atopijskog dermatitisa okuplja sve one koji snose posljedice bolesti i poti\u010de ih da podijele svoja iskustva, pove\u017eu se s lokalnom zajednicom i pozivaju na [&hellip;]\" \/>\n<meta property=\"og:url\" content=\"https:\/\/www.atopika.org\/hr\/djelatnosti\/svjetski-dan-ad\/\" \/>\n<meta property=\"og:site_name\" content=\"Atopika\" \/>\n<meta property=\"article:publisher\" content=\"https:\/\/www.facebook.com\/ZavodAtopika\" \/>\n<meta property=\"article:modified_time\" content=\"2020-06-29T07:14:53+00:00\" \/>\n<meta name=\"twitter:card\" content=\"summary_large_image\" \/>\n<script type=\"application\/ld+json\" class=\"yoast-schema-graph\">{\"@context\":\"https:\\\/\\\/schema.org\",\"@graph\":[{\"@type\":\"WebPage\",\"@id\":\"https:\\\/\\\/www.atopika.org\\\/hr\\\/djelatnosti\\\/svjetski-dan-ad\\\/\",\"url\":\"https:\\\/\\\/www.atopika.org\\\/hr\\\/djelatnosti\\\/svjetski-dan-ad\\\/\",\"name\":\"Svjetski dan AD - Atopika\",\"isPartOf\":{\"@id\":\"https:\\\/\\\/www.atopika.org\\\/hr\\\/#website\"},\"datePublished\":\"2020-05-11T06:24:42+00:00\",\"dateModified\":\"2020-06-29T07:14:53+00:00\",\"breadcrumb\":{\"@id\":\"https:\\\/\\\/www.atopika.org\\\/hr\\\/djelatnosti\\\/svjetski-dan-ad\\\/#breadcrumb\"},\"inLanguage\":\"hr\",\"potentialAction\":[{\"@type\":\"ReadAction\",\"target\":[\"https:\\\/\\\/www.atopika.org\\\/hr\\\/djelatnosti\\\/svjetski-dan-ad\\\/\"]}]},{\"@type\":\"BreadcrumbList\",\"@id\":\"https:\\\/\\\/www.atopika.org\\\/hr\\\/djelatnosti\\\/svjetski-dan-ad\\\/#breadcrumb\",\"itemListElement\":[{\"@type\":\"ListItem\",\"position\":1,\"name\":\"Home\",\"item\":\"https:\\\/\\\/www.atopika.org\\\/hr\\\/\"},{\"@type\":\"ListItem\",\"position\":2,\"name\":\"Djelatnosti\",\"item\":\"https:\\\/\\\/www.atopika.org\\\/hr\\\/dejavnosti\\\/\"},{\"@type\":\"ListItem\",\"position\":3,\"name\":\"Svjetski dan AD\"}]},{\"@type\":\"WebSite\",\"@id\":\"https:\\\/\\\/www.atopika.org\\\/hr\\\/#website\",\"url\":\"https:\\\/\\\/www.atopika.org\\\/hr\\\/\",\"name\":\"Atopika\",\"description\":\"Zavod za izobra\u017eevanje, svetovanje in podporo bolnikom z atopijskim dermatitisom\",\"publisher\":{\"@id\":\"https:\\\/\\\/www.atopika.org\\\/hr\\\/#organization\"},\"potentialAction\":[{\"@type\":\"SearchAction\",\"target\":{\"@type\":\"EntryPoint\",\"urlTemplate\":\"https:\\\/\\\/www.atopika.org\\\/hr\\\/?s={search_term_string}\"},\"query-input\":{\"@type\":\"PropertyValueSpecification\",\"valueRequired\":true,\"valueName\":\"search_term_string\"}}],\"inLanguage\":\"hr\"},{\"@type\":\"Organization\",\"@id\":\"https:\\\/\\\/www.atopika.org\\\/hr\\\/#organization\",\"name\":\"Zavod Atopika\",\"url\":\"https:\\\/\\\/www.atopika.org\\\/hr\\\/\",\"logo\":{\"@type\":\"ImageObject\",\"inLanguage\":\"hr\",\"@id\":\"https:\\\/\\\/www.atopika.org\\\/hr\\\/#\\\/schema\\\/logo\\\/image\\\/\",\"url\":\"http:\\\/\\\/www.atopika.org\\\/wp-content\\\/uploads\\\/2022\\\/02\\\/LOGO-POZITIV-1.png\",\"contentUrl\":\"http:\\\/\\\/www.atopika.org\\\/wp-content\\\/uploads\\\/2022\\\/02\\\/LOGO-POZITIV-1.png\",\"width\":802,\"height\":600,\"caption\":\"Zavod Atopika\"},\"image\":{\"@id\":\"https:\\\/\\\/www.atopika.org\\\/hr\\\/#\\\/schema\\\/logo\\\/image\\\/\"},\"sameAs\":[\"https:\\\/\\\/www.facebook.com\\\/ZavodAtopika\"]}]}<\/script>\n<!-- \/ Yoast SEO plugin. -->","yoast_head_json":{"title":"Svjetski dan AD - Atopika","robots":{"index":"index","follow":"follow","max-snippet":"max-snippet:-1","max-image-preview":"max-image-preview:large","max-video-preview":"max-video-preview:-1"},"canonical":"https:\/\/www.atopika.org\/hr\/djelatnosti\/svjetski-dan-ad\/","og_locale":"hr_HR","og_type":"article","og_title":"Svjetski dan AD - Atopika","og_description":"14. rujna 2020\u00a0obilje\u017eava se tre\u0107i\u00a0Svjetski dan atopijskog dermatitisa s ciljem pobolj\u0161anja svijesti i razumijevanja atopijskog dermatitisa te pokazivanja po\u0161tovanja onima koji \u017eive s tom bole\u0161\u0107u kao i njihovim obiteljima. Svjetski dan atopijskog dermatitisa okuplja sve one koji snose posljedice bolesti i poti\u010de ih da podijele svoja iskustva, pove\u017eu se s lokalnom zajednicom i pozivaju na [&hellip;]","og_url":"https:\/\/www.atopika.org\/hr\/djelatnosti\/svjetski-dan-ad\/","og_site_name":"Atopika","article_publisher":"https:\/\/www.facebook.com\/ZavodAtopika","article_modified_time":"2020-06-29T07:14:53+00:00","twitter_card":"summary_large_image","schema":{"@context":"https:\/\/schema.org","@graph":[{"@type":"WebPage","@id":"https:\/\/www.atopika.org\/hr\/djelatnosti\/svjetski-dan-ad\/","url":"https:\/\/www.atopika.org\/hr\/djelatnosti\/svjetski-dan-ad\/","name":"Svjetski dan AD - Atopika","isPartOf":{"@id":"https:\/\/www.atopika.org\/hr\/#website"},"datePublished":"2020-05-11T06:24:42+00:00","dateModified":"2020-06-29T07:14:53+00:00","breadcrumb":{"@id":"https:\/\/www.atopika.org\/hr\/djelatnosti\/svjetski-dan-ad\/#breadcrumb"},"inLanguage":"hr","potentialAction":[{"@type":"ReadAction","target":["https:\/\/www.atopika.org\/hr\/djelatnosti\/svjetski-dan-ad\/"]}]},{"@type":"BreadcrumbList","@id":"https:\/\/www.atopika.org\/hr\/djelatnosti\/svjetski-dan-ad\/#breadcrumb","itemListElement":[{"@type":"ListItem","position":1,"name":"Home","item":"https:\/\/www.atopika.org\/hr\/"},{"@type":"ListItem","position":2,"name":"Djelatnosti","item":"https:\/\/www.atopika.org\/hr\/dejavnosti\/"},{"@type":"ListItem","position":3,"name":"Svjetski dan AD"}]},{"@type":"WebSite","@id":"https:\/\/www.atopika.org\/hr\/#website","url":"https:\/\/www.atopika.org\/hr\/","name":"Atopika","description":"Zavod za izobra\u017eevanje, svetovanje in podporo bolnikom z atopijskim dermatitisom","publisher":{"@id":"https:\/\/www.atopika.org\/hr\/#organization"},"potentialAction":[{"@type":"SearchAction","target":{"@type":"EntryPoint","urlTemplate":"https:\/\/www.atopika.org\/hr\/?s={search_term_string}"},"query-input":{"@type":"PropertyValueSpecification","valueRequired":true,"valueName":"search_term_string"}}],"inLanguage":"hr"},{"@type":"Organization","@id":"https:\/\/www.atopika.org\/hr\/#organization","name":"Zavod Atopika","url":"https:\/\/www.atopika.org\/hr\/","logo":{"@type":"ImageObject","inLanguage":"hr","@id":"https:\/\/www.atopika.org\/hr\/#\/schema\/logo\/image\/","url":"http:\/\/www.atopika.org\/wp-content\/uploads\/2022\/02\/LOGO-POZITIV-1.png","contentUrl":"http:\/\/www.atopika.org\/wp-content\/uploads\/2022\/02\/LOGO-POZITIV-1.png","width":802,"height":600,"caption":"Zavod Atopika"},"image":{"@id":"https:\/\/www.atopika.org\/hr\/#\/schema\/logo\/image\/"},"sameAs":["https:\/\/www.facebook.com\/ZavodAtopika"]}]}},"_links":{"self":[{"href":"https:\/\/www.atopika.org\/hr\/wp-json\/wp\/v2\/pages\/2815","targetHints":{"allow":["GET"]}}],"collection":[{"href":"https:\/\/www.atopika.org\/hr\/wp-json\/wp\/v2\/pages"}],"about":[{"href":"https:\/\/www.atopika.org\/hr\/wp-json\/wp\/v2\/types\/page"}],"author":[{"embeddable":true,"href":"https:\/\/www.atopika.org\/hr\/wp-json\/wp\/v2\/users\/4"}],"replies":[{"embeddable":true,"href":"https:\/\/www.atopika.org\/hr\/wp-json\/wp\/v2\/comments?post=2815"}],"version-history":[{"count":0,"href":"https:\/\/www.atopika.org\/hr\/wp-json\/wp\/v2\/pages\/2815\/revisions"}],"up":[{"embeddable":true,"href":"https:\/\/www.atopika.org\/hr\/wp-json\/wp\/v2\/pages\/2608"}],"wp:attachment":[{"href":"https:\/\/www.atopika.org\/hr\/wp-json\/wp\/v2\/media?parent=2815"}],"curies":[{"name":"wp","href":"https:\/\/api.w.org\/{rel}","templated":true}]}}