{"id":2614,"date":"2020-03-06T10:18:21","date_gmt":"2020-03-06T09:18:21","guid":{"rendered":"http:\/\/www.atopika.org\/aktivnosti\/savjetovanje-s-lijecnikom\/"},"modified":"2020-06-26T11:24:51","modified_gmt":"2020-06-26T09:24:51","slug":"savjetovanje-s-lijecnikom","status":"publish","type":"page","link":"https:\/\/www.atopika.org\/hr\/djelatnosti\/savjetovanje-s-lijecnikom\/","title":{"rendered":"Savjetovanje s lije\u010dnikom"},"content":{"rendered":"\t\t<div data-elementor-type=\"wp-page\" data-elementor-id=\"2614\" class=\"elementor elementor-2614 elementor-552\" data-elementor-post-type=\"page\">\n\t\t\t\t\t\t<section class=\"elementor-section elementor-top-section elementor-element elementor-element-e6aef04 elementor-section-stretched elementor-section-boxed elementor-section-height-default elementor-section-height-default\" data-id=\"e6aef04\" data-element_type=\"section\" data-e-type=\"section\" data-settings=\"{&quot;stretch_section&quot;:&quot;section-stretched&quot;}\">\n\t\t\t\t\t\t<div class=\"elementor-container elementor-column-gap-no\">\n\t\t\t\t\t<div class=\"elementor-column elementor-col-100 elementor-top-column elementor-element elementor-element-31ef31b\" data-id=\"31ef31b\" data-element_type=\"column\" data-e-type=\"column\">\n\t\t\t<div class=\"elementor-widget-wrap elementor-element-populated\">\n\t\t\t\t\t\t<div class=\"elementor-element elementor-element-41ecc12 elementor-widget elementor-widget-template\" data-id=\"41ecc12\" data-element_type=\"widget\" data-e-type=\"widget\" data-widget_type=\"template.default\">\n\t\t\t\t<div class=\"elementor-widget-container\">\n\t\t\t\t\t\t\t<div class=\"elementor-template\">\n\t\t\t\t\t<div data-elementor-type=\"section\" data-elementor-id=\"645\" class=\"elementor elementor-645\" data-elementor-post-type=\"elementor_library\">\n\t\t\t<div class=\"elementor-element elementor-element-4b12155 e-flex e-con-boxed e-con e-parent\" data-id=\"4b12155\" data-element_type=\"container\" data-e-type=\"container\">\n\t\t\t\t\t<div class=\"e-con-inner\">\n\t\t\t\t\t<\/div>\n\t\t\t\t<\/div>\n\t\t\t\t<\/div>\n\t\t\t\t<\/div>\n\t\t\t\t\t\t<\/div>\n\t\t\t\t<\/div>\n\t\t\t\t\t<\/div>\n\t\t<\/div>\n\t\t\t\t\t<\/div>\n\t\t<\/section>\n\t\t\t\t<section class=\"elementor-section elementor-top-section elementor-element elementor-element-276b494 elementor-section-boxed elementor-section-height-default elementor-section-height-default\" data-id=\"276b494\" data-element_type=\"section\" data-e-type=\"section\">\n\t\t\t\t\t\t<div class=\"elementor-container elementor-column-gap-default\">\n\t\t\t\t\t<div class=\"elementor-column elementor-col-50 elementor-top-column elementor-element elementor-element-f25a8c2\" data-id=\"f25a8c2\" data-element_type=\"column\" data-e-type=\"column\">\n\t\t\t<div class=\"elementor-widget-wrap elementor-element-populated\">\n\t\t\t\t\t\t<div class=\"elementor-element elementor-element-a83eb0f elementor-widget elementor-widget-text-editor\" data-id=\"a83eb0f\" data-element_type=\"widget\" data-e-type=\"widget\" data-widget_type=\"text-editor.default\">\n\t\t\t\t<div class=\"elementor-widget-container\">\n\t\t\t\t\t\t\t\t\t<p>Trenutno pru\u017eamo besplatnu konzultaciju s dermatologom samo na slovenskom jeziku.<\/p>\n\t\t\t\t\t\t\t\t<\/div>\n\t\t\t\t<\/div>\n\t\t\t\t\t<\/div>\n\t\t<\/div>\n\t\t\t\t<div class=\"elementor-column elementor-col-50 elementor-top-column elementor-element elementor-element-1cee1df\" data-id=\"1cee1df\" data-element_type=\"column\" data-e-type=\"column\">\n\t\t\t<div class=\"elementor-widget-wrap elementor-element-populated\">\n\t\t\t\t\t\t<div class=\"elementor-element elementor-element-4e0f7eb elementor-widget elementor-widget-spacer\" data-id=\"4e0f7eb\" data-element_type=\"widget\" data-e-type=\"widget\" data-widget_type=\"spacer.default\">\n\t\t\t\t<div class=\"elementor-widget-container\">\n\t\t\t\t\t\t\t<div class=\"elementor-spacer\">\n\t\t\t<div class=\"elementor-spacer-inner\"><\/div>\n\t\t<\/div>\n\t\t\t\t\t\t<\/div>\n\t\t\t\t<\/div>\n\t\t\t\t\t<\/div>\n\t\t<\/div>\n\t\t\t\t\t<\/div>\n\t\t<\/section>\n\t\t<!-- dce invisible element 474b7fc -->\t\t<\/div>\n\t\t","protected":false},"excerpt":{"rendered":"<p>Trenutno pru\u017eamo besplatnu konzultaciju s dermatologom samo na slovenskom jeziku. Trenutno pru\u017eamo besplatnu konzultaciju s dermatologom samo na slovenskom jeziku. 8. maja 2020 Lorem ipsum dolor sit amet, consectetur adipiscing elit. Donec eget quam erat. Morbi feugiat vel massa in cursus. Phasellus pretium arcu quam, dictum viverra tellus tincidunt eget. Phasellus lobortis leo&#8230; Preberi ve\u010d&#8230; [&hellip;]<\/p>\n","protected":false},"author":4,"featured_media":0,"parent":2608,"menu_order":15,"comment_status":"closed","ping_status":"closed","template":"","meta":{"site-sidebar-layout":"no-sidebar","site-content-layout":"page-builder","ast-site-content-layout":"default","site-content-style":"default","site-sidebar-style":"default","ast-global-header-display":"","ast-banner-title-visibility":"","ast-main-header-display":"","ast-hfb-above-header-display":"","ast-hfb-below-header-display":"","ast-hfb-mobile-header-display":"","site-post-title":"disabled","ast-breadcrumbs-content":"","ast-featured-img":"disabled","footer-sml-layout":"","ast-disable-related-posts":"","theme-transparent-header-meta":"default","adv-header-id-meta":"","stick-header-meta":"","header-above-stick-meta":"","header-main-stick-meta":"","header-below-stick-meta":"","astra-migrate-meta-layouts":"default","ast-page-background-enabled":"default","ast-page-background-meta":{"desktop":{"background-color":"","background-image":"","background-repeat":"repeat","background-position":"center center","background-size":"auto","background-attachment":"scroll","background-type":"","background-media":"","overlay-type":"","overlay-color":"","overlay-opacity":"","overlay-gradient":""},"tablet":{"background-color":"","background-image":"","background-repeat":"repeat","background-position":"center center","background-size":"auto","background-attachment":"scroll","background-type":"","background-media":"","overlay-type":"","overlay-color":"","overlay-opacity":"","overlay-gradient":""},"mobile":{"background-color":"","background-image":"","background-repeat":"repeat","background-position":"center center","background-size":"auto","background-attachment":"scroll","background-type":"","background-media":"","overlay-type":"","overlay-color":"","overlay-opacity":"","overlay-gradient":""}},"ast-content-background-meta":{"desktop":{"background-color":"var(--ast-global-color-5)","background-image":"","background-repeat":"repeat","background-position":"center center","background-size":"auto","background-attachment":"scroll","background-type":"","background-media":"","overlay-type":"","overlay-color":"","overlay-opacity":"","overlay-gradient":""},"tablet":{"background-color":"var(--ast-global-color-5)","background-image":"","background-repeat":"repeat","background-position":"center center","background-size":"auto","background-attachment":"scroll","background-type":"","background-media":"","overlay-type":"","overlay-color":"","overlay-opacity":"","overlay-gradient":""},"mobile":{"background-color":"var(--ast-global-color-5)","background-image":"","background-repeat":"repeat","background-position":"center center","background-size":"auto","background-attachment":"scroll","background-type":"","background-media":"","overlay-type":"","overlay-color":"","overlay-opacity":"","overlay-gradient":""}},"footnotes":""},"class_list":["post-2614","page","type-page","status-publish","hentry"],"yoast_head":"<!-- This site is optimized with the Yoast SEO plugin v27.3 - https:\/\/yoast.com\/product\/yoast-seo-wordpress\/ -->\n<title>Savjetovanje s lije\u010dnikom - Atopika<\/title>\n<meta name=\"robots\" content=\"index, follow, max-snippet:-1, max-image-preview:large, max-video-preview:-1\" \/>\n<link rel=\"canonical\" href=\"https:\/\/www.atopika.org\/hr\/djelatnosti\/savjetovanje-s-lijecnikom\/\" \/>\n<meta property=\"og:locale\" content=\"hr_HR\" \/>\n<meta property=\"og:type\" content=\"article\" \/>\n<meta property=\"og:title\" content=\"Savjetovanje s lije\u010dnikom - Atopika\" \/>\n<meta property=\"og:description\" content=\"Trenutno pru\u017eamo besplatnu konzultaciju s dermatologom samo na slovenskom jeziku. Trenutno pru\u017eamo besplatnu konzultaciju s dermatologom samo na slovenskom jeziku. 8. maja 2020 Lorem ipsum dolor sit amet, consectetur adipiscing elit. Donec eget quam erat. Morbi feugiat vel massa in cursus. Phasellus pretium arcu quam, dictum viverra tellus tincidunt eget. Phasellus lobortis leo&#8230; Preberi ve\u010d&#8230; [&hellip;]\" \/>\n<meta property=\"og:url\" content=\"https:\/\/www.atopika.org\/hr\/djelatnosti\/savjetovanje-s-lijecnikom\/\" \/>\n<meta property=\"og:site_name\" content=\"Atopika\" \/>\n<meta property=\"article:publisher\" content=\"https:\/\/www.facebook.com\/ZavodAtopika\" \/>\n<meta property=\"article:modified_time\" content=\"2020-06-26T09:24:51+00:00\" \/>\n<meta property=\"og:image\" content=\"http:\/\/www.atopika.org\/wp-content\/uploads\/elementor\/thumbs\/placeholder_2-op7fap0l0ay96tbdivuzfv18fkj1r5zh1rn9ejvrdo.jpg\" \/>\n<meta name=\"twitter:card\" content=\"summary_large_image\" \/>\n<meta name=\"twitter:label1\" content=\"Procijenjeno vrijeme \u010ditanja\" \/>\n\t<meta name=\"twitter:data1\" content=\"1 minuta\" \/>\n<script type=\"application\/ld+json\" class=\"yoast-schema-graph\">{\"@context\":\"https:\\\/\\\/schema.org\",\"@graph\":[{\"@type\":\"WebPage\",\"@id\":\"https:\\\/\\\/www.atopika.org\\\/hr\\\/djelatnosti\\\/savjetovanje-s-lijecnikom\\\/\",\"url\":\"https:\\\/\\\/www.atopika.org\\\/hr\\\/djelatnosti\\\/savjetovanje-s-lijecnikom\\\/\",\"name\":\"Savjetovanje s lije\u010dnikom - Atopika\",\"isPartOf\":{\"@id\":\"https:\\\/\\\/www.atopika.org\\\/hr\\\/#website\"},\"primaryImageOfPage\":{\"@id\":\"https:\\\/\\\/www.atopika.org\\\/hr\\\/djelatnosti\\\/savjetovanje-s-lijecnikom\\\/#primaryimage\"},\"image\":{\"@id\":\"https:\\\/\\\/www.atopika.org\\\/hr\\\/djelatnosti\\\/savjetovanje-s-lijecnikom\\\/#primaryimage\"},\"thumbnailUrl\":\"http:\\\/\\\/www.atopika.org\\\/wp-content\\\/uploads\\\/elementor\\\/thumbs\\\/placeholder_2-op7fap0l0ay96tbdivuzfv18fkj1r5zh1rn9ejvrdo.jpg\",\"datePublished\":\"2020-03-06T09:18:21+00:00\",\"dateModified\":\"2020-06-26T09:24:51+00:00\",\"breadcrumb\":{\"@id\":\"https:\\\/\\\/www.atopika.org\\\/hr\\\/djelatnosti\\\/savjetovanje-s-lijecnikom\\\/#breadcrumb\"},\"inLanguage\":\"hr\",\"potentialAction\":[{\"@type\":\"ReadAction\",\"target\":[\"https:\\\/\\\/www.atopika.org\\\/hr\\\/djelatnosti\\\/savjetovanje-s-lijecnikom\\\/\"]}]},{\"@type\":\"ImageObject\",\"inLanguage\":\"hr\",\"@id\":\"https:\\\/\\\/www.atopika.org\\\/hr\\\/djelatnosti\\\/savjetovanje-s-lijecnikom\\\/#primaryimage\",\"url\":\"http:\\\/\\\/www.atopika.org\\\/wp-content\\\/uploads\\\/elementor\\\/thumbs\\\/placeholder_2-op7fap0l0ay96tbdivuzfv18fkj1r5zh1rn9ejvrdo.jpg\",\"contentUrl\":\"http:\\\/\\\/www.atopika.org\\\/wp-content\\\/uploads\\\/elementor\\\/thumbs\\\/placeholder_2-op7fap0l0ay96tbdivuzfv18fkj1r5zh1rn9ejvrdo.jpg\"},{\"@type\":\"BreadcrumbList\",\"@id\":\"https:\\\/\\\/www.atopika.org\\\/hr\\\/djelatnosti\\\/savjetovanje-s-lijecnikom\\\/#breadcrumb\",\"itemListElement\":[{\"@type\":\"ListItem\",\"position\":1,\"name\":\"Home\",\"item\":\"https:\\\/\\\/www.atopika.org\\\/hr\\\/\"},{\"@type\":\"ListItem\",\"position\":2,\"name\":\"Djelatnosti\",\"item\":\"https:\\\/\\\/www.atopika.org\\\/hr\\\/dejavnosti\\\/\"},{\"@type\":\"ListItem\",\"position\":3,\"name\":\"Savjetovanje s lije\u010dnikom\"}]},{\"@type\":\"WebSite\",\"@id\":\"https:\\\/\\\/www.atopika.org\\\/hr\\\/#website\",\"url\":\"https:\\\/\\\/www.atopika.org\\\/hr\\\/\",\"name\":\"Atopika\",\"description\":\"Zavod za izobra\u017eevanje, svetovanje in podporo bolnikom z atopijskim dermatitisom\",\"publisher\":{\"@id\":\"https:\\\/\\\/www.atopika.org\\\/hr\\\/#organization\"},\"potentialAction\":[{\"@type\":\"SearchAction\",\"target\":{\"@type\":\"EntryPoint\",\"urlTemplate\":\"https:\\\/\\\/www.atopika.org\\\/hr\\\/?s={search_term_string}\"},\"query-input\":{\"@type\":\"PropertyValueSpecification\",\"valueRequired\":true,\"valueName\":\"search_term_string\"}}],\"inLanguage\":\"hr\"},{\"@type\":\"Organization\",\"@id\":\"https:\\\/\\\/www.atopika.org\\\/hr\\\/#organization\",\"name\":\"Zavod Atopika\",\"url\":\"https:\\\/\\\/www.atopika.org\\\/hr\\\/\",\"logo\":{\"@type\":\"ImageObject\",\"inLanguage\":\"hr\",\"@id\":\"https:\\\/\\\/www.atopika.org\\\/hr\\\/#\\\/schema\\\/logo\\\/image\\\/\",\"url\":\"http:\\\/\\\/www.atopika.org\\\/wp-content\\\/uploads\\\/2022\\\/02\\\/LOGO-POZITIV-1.png\",\"contentUrl\":\"http:\\\/\\\/www.atopika.org\\\/wp-content\\\/uploads\\\/2022\\\/02\\\/LOGO-POZITIV-1.png\",\"width\":802,\"height\":600,\"caption\":\"Zavod Atopika\"},\"image\":{\"@id\":\"https:\\\/\\\/www.atopika.org\\\/hr\\\/#\\\/schema\\\/logo\\\/image\\\/\"},\"sameAs\":[\"https:\\\/\\\/www.facebook.com\\\/ZavodAtopika\"]}]}<\/script>\n<!-- \/ Yoast SEO plugin. -->","yoast_head_json":{"title":"Savjetovanje s lije\u010dnikom - Atopika","robots":{"index":"index","follow":"follow","max-snippet":"max-snippet:-1","max-image-preview":"max-image-preview:large","max-video-preview":"max-video-preview:-1"},"canonical":"https:\/\/www.atopika.org\/hr\/djelatnosti\/savjetovanje-s-lijecnikom\/","og_locale":"hr_HR","og_type":"article","og_title":"Savjetovanje s lije\u010dnikom - Atopika","og_description":"Trenutno pru\u017eamo besplatnu konzultaciju s dermatologom samo na slovenskom jeziku. Trenutno pru\u017eamo besplatnu konzultaciju s dermatologom samo na slovenskom jeziku. 8. maja 2020 Lorem ipsum dolor sit amet, consectetur adipiscing elit. Donec eget quam erat. Morbi feugiat vel massa in cursus. Phasellus pretium arcu quam, dictum viverra tellus tincidunt eget. Phasellus lobortis leo&#8230; Preberi ve\u010d&#8230; [&hellip;]","og_url":"https:\/\/www.atopika.org\/hr\/djelatnosti\/savjetovanje-s-lijecnikom\/","og_site_name":"Atopika","article_publisher":"https:\/\/www.facebook.com\/ZavodAtopika","article_modified_time":"2020-06-26T09:24:51+00:00","og_image":[{"url":"http:\/\/www.atopika.org\/wp-content\/uploads\/elementor\/thumbs\/placeholder_2-op7fap0l0ay96tbdivuzfv18fkj1r5zh1rn9ejvrdo.jpg","type":"","width":"","height":""}],"twitter_card":"summary_large_image","twitter_misc":{"Procijenjeno vrijeme \u010ditanja":"1 minuta"},"schema":{"@context":"https:\/\/schema.org","@graph":[{"@type":"WebPage","@id":"https:\/\/www.atopika.org\/hr\/djelatnosti\/savjetovanje-s-lijecnikom\/","url":"https:\/\/www.atopika.org\/hr\/djelatnosti\/savjetovanje-s-lijecnikom\/","name":"Savjetovanje s lije\u010dnikom - Atopika","isPartOf":{"@id":"https:\/\/www.atopika.org\/hr\/#website"},"primaryImageOfPage":{"@id":"https:\/\/www.atopika.org\/hr\/djelatnosti\/savjetovanje-s-lijecnikom\/#primaryimage"},"image":{"@id":"https:\/\/www.atopika.org\/hr\/djelatnosti\/savjetovanje-s-lijecnikom\/#primaryimage"},"thumbnailUrl":"http:\/\/www.atopika.org\/wp-content\/uploads\/elementor\/thumbs\/placeholder_2-op7fap0l0ay96tbdivuzfv18fkj1r5zh1rn9ejvrdo.jpg","datePublished":"2020-03-06T09:18:21+00:00","dateModified":"2020-06-26T09:24:51+00:00","breadcrumb":{"@id":"https:\/\/www.atopika.org\/hr\/djelatnosti\/savjetovanje-s-lijecnikom\/#breadcrumb"},"inLanguage":"hr","potentialAction":[{"@type":"ReadAction","target":["https:\/\/www.atopika.org\/hr\/djelatnosti\/savjetovanje-s-lijecnikom\/"]}]},{"@type":"ImageObject","inLanguage":"hr","@id":"https:\/\/www.atopika.org\/hr\/djelatnosti\/savjetovanje-s-lijecnikom\/#primaryimage","url":"http:\/\/www.atopika.org\/wp-content\/uploads\/elementor\/thumbs\/placeholder_2-op7fap0l0ay96tbdivuzfv18fkj1r5zh1rn9ejvrdo.jpg","contentUrl":"http:\/\/www.atopika.org\/wp-content\/uploads\/elementor\/thumbs\/placeholder_2-op7fap0l0ay96tbdivuzfv18fkj1r5zh1rn9ejvrdo.jpg"},{"@type":"BreadcrumbList","@id":"https:\/\/www.atopika.org\/hr\/djelatnosti\/savjetovanje-s-lijecnikom\/#breadcrumb","itemListElement":[{"@type":"ListItem","position":1,"name":"Home","item":"https:\/\/www.atopika.org\/hr\/"},{"@type":"ListItem","position":2,"name":"Djelatnosti","item":"https:\/\/www.atopika.org\/hr\/dejavnosti\/"},{"@type":"ListItem","position":3,"name":"Savjetovanje s lije\u010dnikom"}]},{"@type":"WebSite","@id":"https:\/\/www.atopika.org\/hr\/#website","url":"https:\/\/www.atopika.org\/hr\/","name":"Atopika","description":"Zavod za izobra\u017eevanje, svetovanje in podporo bolnikom z atopijskim dermatitisom","publisher":{"@id":"https:\/\/www.atopika.org\/hr\/#organization"},"potentialAction":[{"@type":"SearchAction","target":{"@type":"EntryPoint","urlTemplate":"https:\/\/www.atopika.org\/hr\/?s={search_term_string}"},"query-input":{"@type":"PropertyValueSpecification","valueRequired":true,"valueName":"search_term_string"}}],"inLanguage":"hr"},{"@type":"Organization","@id":"https:\/\/www.atopika.org\/hr\/#organization","name":"Zavod Atopika","url":"https:\/\/www.atopika.org\/hr\/","logo":{"@type":"ImageObject","inLanguage":"hr","@id":"https:\/\/www.atopika.org\/hr\/#\/schema\/logo\/image\/","url":"http:\/\/www.atopika.org\/wp-content\/uploads\/2022\/02\/LOGO-POZITIV-1.png","contentUrl":"http:\/\/www.atopika.org\/wp-content\/uploads\/2022\/02\/LOGO-POZITIV-1.png","width":802,"height":600,"caption":"Zavod Atopika"},"image":{"@id":"https:\/\/www.atopika.org\/hr\/#\/schema\/logo\/image\/"},"sameAs":["https:\/\/www.facebook.com\/ZavodAtopika"]}]}},"_links":{"self":[{"href":"https:\/\/www.atopika.org\/hr\/wp-json\/wp\/v2\/pages\/2614","targetHints":{"allow":["GET"]}}],"collection":[{"href":"https:\/\/www.atopika.org\/hr\/wp-json\/wp\/v2\/pages"}],"about":[{"href":"https:\/\/www.atopika.org\/hr\/wp-json\/wp\/v2\/types\/page"}],"author":[{"embeddable":true,"href":"https:\/\/www.atopika.org\/hr\/wp-json\/wp\/v2\/users\/4"}],"replies":[{"embeddable":true,"href":"https:\/\/www.atopika.org\/hr\/wp-json\/wp\/v2\/comments?post=2614"}],"version-history":[{"count":0,"href":"https:\/\/www.atopika.org\/hr\/wp-json\/wp\/v2\/pages\/2614\/revisions"}],"up":[{"embeddable":true,"href":"https:\/\/www.atopika.org\/hr\/wp-json\/wp\/v2\/pages\/2608"}],"wp:attachment":[{"href":"https:\/\/www.atopika.org\/hr\/wp-json\/wp\/v2\/media?parent=2614"}],"curies":[{"name":"wp","href":"https:\/\/api.w.org\/{rel}","templated":true}]}}