{"id":2608,"date":"2020-02-26T10:06:34","date_gmt":"2020-02-26T09:06:34","guid":{"rendered":"http:\/\/www.atopika.org\/aktivnosti\/"},"modified":"2020-06-26T10:12:56","modified_gmt":"2020-06-26T08:12:56","slug":"djelatnosti","status":"publish","type":"page","link":"https:\/\/www.atopika.org\/hr\/djelatnosti\/","title":{"rendered":"Djelatnosti"},"content":{"rendered":"\t\t<div data-elementor-type=\"wp-page\" data-elementor-id=\"2608\" class=\"elementor elementor-2608 elementor-118\" data-elementor-post-type=\"page\">\n\t\t\t\t\t\t<section class=\"elementor-section elementor-top-section elementor-element elementor-element-2c7e7e62 elementor-section-stretched elementor-section-boxed elementor-section-height-default elementor-section-height-default\" data-id=\"2c7e7e62\" data-element_type=\"section\" data-e-type=\"section\" data-settings=\"{&quot;stretch_section&quot;:&quot;section-stretched&quot;}\">\n\t\t\t\t\t\t<div class=\"elementor-container elementor-column-gap-no\">\n\t\t\t\t\t<div class=\"elementor-column elementor-col-100 elementor-top-column elementor-element elementor-element-57ca2534\" data-id=\"57ca2534\" data-element_type=\"column\" data-e-type=\"column\">\n\t\t\t<div class=\"elementor-widget-wrap elementor-element-populated\">\n\t\t\t\t\t\t<div class=\"elementor-element elementor-element-7976ba71 elementor-widget elementor-widget-template\" data-id=\"7976ba71\" data-element_type=\"widget\" data-e-type=\"widget\" data-widget_type=\"template.default\">\n\t\t\t\t<div class=\"elementor-widget-container\">\n\t\t\t\t\t\t\t<div class=\"elementor-template\">\n\t\t\t\t\t<div data-elementor-type=\"section\" data-elementor-id=\"645\" class=\"elementor elementor-645\" data-elementor-post-type=\"elementor_library\">\n\t\t\t<div class=\"elementor-element elementor-element-4b12155 e-flex e-con-boxed e-con e-parent\" data-id=\"4b12155\" data-element_type=\"container\" data-e-type=\"container\">\n\t\t\t\t\t<div class=\"e-con-inner\">\n\t\t\t\t\t<\/div>\n\t\t\t\t<\/div>\n\t\t\t\t<\/div>\n\t\t\t\t<\/div>\n\t\t\t\t\t\t<\/div>\n\t\t\t\t<\/div>\n\t\t\t\t\t<\/div>\n\t\t<\/div>\n\t\t\t\t\t<\/div>\n\t\t<\/section>\n\t\t\t\t<section class=\"elementor-section elementor-top-section elementor-element elementor-element-4fe026bc elementor-section-boxed elementor-section-height-default elementor-section-height-default\" data-id=\"4fe026bc\" data-element_type=\"section\" data-e-type=\"section\">\n\t\t\t\t\t\t<div class=\"elementor-container elementor-column-gap-default\">\n\t\t\t\t\t<div class=\"elementor-column elementor-col-50 elementor-top-column elementor-element elementor-element-85c93a9\" data-id=\"85c93a9\" data-element_type=\"column\" data-e-type=\"column\">\n\t\t\t<div class=\"elementor-widget-wrap elementor-element-populated\">\n\t\t\t\t\t\t<div class=\"elementor-element elementor-element-7e8d8fda elementor-widget elementor-widget-text-editor\" data-id=\"7e8d8fda\" data-element_type=\"widget\" data-e-type=\"widget\" data-widget_type=\"text-editor.default\">\n\t\t\t\t<div class=\"elementor-widget-container\">\n\t\t\t\t\t\t\t\t\t<p>U Institutu Atopika organizirat \u0107emo razne aktivnosti koje \u0107e pacijentima i \u010dlanovima njihovih obitelji <strong>pru\u017eiti potrebne informacije i podr\u0161ku za suo\u010davanje s bole\u0161\u0107u.<\/strong><\/p>\n<p><img fetchpriority=\"high\" decoding=\"async\" class=\"alignnone wp-image-798 size-full\" src=\"https:\/\/www.atopika.org\/wp-content\/uploads\/2020\/03\/ines-at.jpg\" alt=\"\" width=\"960\" height=\"638\" srcset=\"https:\/\/www.atopika.org\/wp-content\/uploads\/2020\/03\/ines-at.jpg 960w, https:\/\/www.atopika.org\/wp-content\/uploads\/2020\/03\/ines-at-500x332.jpg 500w, https:\/\/www.atopika.org\/wp-content\/uploads\/2020\/03\/ines-at-768x510.jpg 768w\" sizes=\"(max-width: 960px) 100vw, 960px\" \/><\/p>\n\t\t\t\t\t\t\t\t<\/div>\n\t\t\t\t<\/div>\n\t\t\t\t\t<\/div>\n\t\t<\/div>\n\t\t\t\t<div class=\"elementor-column elementor-col-50 elementor-top-column elementor-element elementor-element-170bcec8 elementor-hidden-tablet elementor-hidden-phone\" data-id=\"170bcec8\" data-element_type=\"column\" data-e-type=\"column\">\n\t\t\t<div class=\"elementor-widget-wrap\">\n\t\t\t\t\t\t\t<\/div>\n\t\t<\/div>\n\t\t\t\t\t<\/div>\n\t\t<\/section>\n\t\t\t\t<\/div>\n\t\t","protected":false},"excerpt":{"rendered":"<p>U Institutu Atopika organizirat \u0107emo razne aktivnosti koje \u0107e pacijentima i \u010dlanovima njihovih obitelji pru\u017eiti potrebne informacije i podr\u0161ku za suo\u010davanje s bole\u0161\u0107u.<\/p>\n","protected":false},"author":4,"featured_media":0,"parent":0,"menu_order":11,"comment_status":"closed","ping_status":"closed","template":"","meta":{"site-sidebar-layout":"no-sidebar","site-content-layout":"page-builder","ast-site-content-layout":"default","site-content-style":"default","site-sidebar-style":"default","ast-global-header-display":"","ast-banner-title-visibility":"","ast-main-header-display":"","ast-hfb-above-header-display":"","ast-hfb-below-header-display":"","ast-hfb-mobile-header-display":"","site-post-title":"disabled","ast-breadcrumbs-content":"","ast-featured-img":"disabled","footer-sml-layout":"","ast-disable-related-posts":"","theme-transparent-header-meta":"default","adv-header-id-meta":"","stick-header-meta":"","header-above-stick-meta":"","header-main-stick-meta":"","header-below-stick-meta":"","astra-migrate-meta-layouts":"default","ast-page-background-enabled":"default","ast-page-background-meta":{"desktop":{"background-color":"","background-image":"","background-repeat":"repeat","background-position":"center center","background-size":"auto","background-attachment":"scroll","background-type":"","background-media":"","overlay-type":"","overlay-color":"","overlay-opacity":"","overlay-gradient":""},"tablet":{"background-color":"","background-image":"","background-repeat":"repeat","background-position":"center center","background-size":"auto","background-attachment":"scroll","background-type":"","background-media":"","overlay-type":"","overlay-color":"","overlay-opacity":"","overlay-gradient":""},"mobile":{"background-color":"","background-image":"","background-repeat":"repeat","background-position":"center center","background-size":"auto","background-attachment":"scroll","background-type":"","background-media":"","overlay-type":"","overlay-color":"","overlay-opacity":"","overlay-gradient":""}},"ast-content-background-meta":{"desktop":{"background-color":"var(--ast-global-color-5)","background-image":"","background-repeat":"repeat","background-position":"center center","background-size":"auto","background-attachment":"scroll","background-type":"","background-media":"","overlay-type":"","overlay-color":"","overlay-opacity":"","overlay-gradient":""},"tablet":{"background-color":"var(--ast-global-color-5)","background-image":"","background-repeat":"repeat","background-position":"center center","background-size":"auto","background-attachment":"scroll","background-type":"","background-media":"","overlay-type":"","overlay-color":"","overlay-opacity":"","overlay-gradient":""},"mobile":{"background-color":"var(--ast-global-color-5)","background-image":"","background-repeat":"repeat","background-position":"center center","background-size":"auto","background-attachment":"scroll","background-type":"","background-media":"","overlay-type":"","overlay-color":"","overlay-opacity":"","overlay-gradient":""}},"footnotes":""},"class_list":["post-2608","page","type-page","status-publish","hentry"],"yoast_head":"<!-- This site is optimized with the Yoast SEO plugin v27.3 - https:\/\/yoast.com\/product\/yoast-seo-wordpress\/ -->\n<title>Djelatnosti - Atopika<\/title>\n<meta name=\"robots\" content=\"index, follow, max-snippet:-1, max-image-preview:large, max-video-preview:-1\" \/>\n<link rel=\"canonical\" href=\"https:\/\/www.atopika.org\/hr\/djelatnosti\/\" \/>\n<meta property=\"og:locale\" content=\"hr_HR\" \/>\n<meta property=\"og:type\" content=\"article\" \/>\n<meta property=\"og:title\" content=\"Djelatnosti - Atopika\" \/>\n<meta property=\"og:description\" content=\"U Institutu Atopika organizirat \u0107emo razne aktivnosti koje \u0107e pacijentima i \u010dlanovima njihovih obitelji pru\u017eiti potrebne informacije i podr\u0161ku za suo\u010davanje s bole\u0161\u0107u.\" \/>\n<meta property=\"og:url\" content=\"https:\/\/www.atopika.org\/hr\/djelatnosti\/\" \/>\n<meta property=\"og:site_name\" content=\"Atopika\" \/>\n<meta property=\"article:publisher\" content=\"https:\/\/www.facebook.com\/ZavodAtopika\" \/>\n<meta property=\"article:modified_time\" content=\"2020-06-26T08:12:56+00:00\" \/>\n<meta property=\"og:image\" content=\"http:\/\/www.atopika.org\/wp-content\/uploads\/2020\/03\/ines-at.jpg\" \/>\n<meta name=\"twitter:card\" content=\"summary_large_image\" \/>\n<script type=\"application\/ld+json\" class=\"yoast-schema-graph\">{\"@context\":\"https:\\\/\\\/schema.org\",\"@graph\":[{\"@type\":\"WebPage\",\"@id\":\"https:\\\/\\\/www.atopika.org\\\/hr\\\/djelatnosti\\\/\",\"url\":\"https:\\\/\\\/www.atopika.org\\\/hr\\\/djelatnosti\\\/\",\"name\":\"Djelatnosti - Atopika\",\"isPartOf\":{\"@id\":\"https:\\\/\\\/www.atopika.org\\\/hr\\\/#website\"},\"primaryImageOfPage\":{\"@id\":\"https:\\\/\\\/www.atopika.org\\\/hr\\\/djelatnosti\\\/#primaryimage\"},\"image\":{\"@id\":\"https:\\\/\\\/www.atopika.org\\\/hr\\\/djelatnosti\\\/#primaryimage\"},\"thumbnailUrl\":\"http:\\\/\\\/www.atopika.org\\\/wp-content\\\/uploads\\\/2020\\\/03\\\/ines-at.jpg\",\"datePublished\":\"2020-02-26T09:06:34+00:00\",\"dateModified\":\"2020-06-26T08:12:56+00:00\",\"breadcrumb\":{\"@id\":\"https:\\\/\\\/www.atopika.org\\\/hr\\\/djelatnosti\\\/#breadcrumb\"},\"inLanguage\":\"hr\",\"potentialAction\":[{\"@type\":\"ReadAction\",\"target\":[\"https:\\\/\\\/www.atopika.org\\\/hr\\\/djelatnosti\\\/\"]}]},{\"@type\":\"ImageObject\",\"inLanguage\":\"hr\",\"@id\":\"https:\\\/\\\/www.atopika.org\\\/hr\\\/djelatnosti\\\/#primaryimage\",\"url\":\"http:\\\/\\\/www.atopika.org\\\/wp-content\\\/uploads\\\/2020\\\/03\\\/ines-at.jpg\",\"contentUrl\":\"http:\\\/\\\/www.atopika.org\\\/wp-content\\\/uploads\\\/2020\\\/03\\\/ines-at.jpg\"},{\"@type\":\"BreadcrumbList\",\"@id\":\"https:\\\/\\\/www.atopika.org\\\/hr\\\/djelatnosti\\\/#breadcrumb\",\"itemListElement\":[{\"@type\":\"ListItem\",\"position\":1,\"name\":\"Home\",\"item\":\"https:\\\/\\\/www.atopika.org\\\/hr\\\/\"},{\"@type\":\"ListItem\",\"position\":2,\"name\":\"Djelatnosti\"}]},{\"@type\":\"WebSite\",\"@id\":\"https:\\\/\\\/www.atopika.org\\\/hr\\\/#website\",\"url\":\"https:\\\/\\\/www.atopika.org\\\/hr\\\/\",\"name\":\"Atopika\",\"description\":\"Zavod za izobra\u017eevanje, svetovanje in podporo bolnikom z atopijskim dermatitisom\",\"publisher\":{\"@id\":\"https:\\\/\\\/www.atopika.org\\\/hr\\\/#organization\"},\"potentialAction\":[{\"@type\":\"SearchAction\",\"target\":{\"@type\":\"EntryPoint\",\"urlTemplate\":\"https:\\\/\\\/www.atopika.org\\\/hr\\\/?s={search_term_string}\"},\"query-input\":{\"@type\":\"PropertyValueSpecification\",\"valueRequired\":true,\"valueName\":\"search_term_string\"}}],\"inLanguage\":\"hr\"},{\"@type\":\"Organization\",\"@id\":\"https:\\\/\\\/www.atopika.org\\\/hr\\\/#organization\",\"name\":\"Zavod Atopika\",\"url\":\"https:\\\/\\\/www.atopika.org\\\/hr\\\/\",\"logo\":{\"@type\":\"ImageObject\",\"inLanguage\":\"hr\",\"@id\":\"https:\\\/\\\/www.atopika.org\\\/hr\\\/#\\\/schema\\\/logo\\\/image\\\/\",\"url\":\"http:\\\/\\\/www.atopika.org\\\/wp-content\\\/uploads\\\/2022\\\/02\\\/LOGO-POZITIV-1.png\",\"contentUrl\":\"http:\\\/\\\/www.atopika.org\\\/wp-content\\\/uploads\\\/2022\\\/02\\\/LOGO-POZITIV-1.png\",\"width\":802,\"height\":600,\"caption\":\"Zavod Atopika\"},\"image\":{\"@id\":\"https:\\\/\\\/www.atopika.org\\\/hr\\\/#\\\/schema\\\/logo\\\/image\\\/\"},\"sameAs\":[\"https:\\\/\\\/www.facebook.com\\\/ZavodAtopika\"]}]}<\/script>\n<!-- \/ Yoast SEO plugin. -->","yoast_head_json":{"title":"Djelatnosti - Atopika","robots":{"index":"index","follow":"follow","max-snippet":"max-snippet:-1","max-image-preview":"max-image-preview:large","max-video-preview":"max-video-preview:-1"},"canonical":"https:\/\/www.atopika.org\/hr\/djelatnosti\/","og_locale":"hr_HR","og_type":"article","og_title":"Djelatnosti - Atopika","og_description":"U Institutu Atopika organizirat \u0107emo razne aktivnosti koje \u0107e pacijentima i \u010dlanovima njihovih obitelji pru\u017eiti potrebne informacije i podr\u0161ku za suo\u010davanje s bole\u0161\u0107u.","og_url":"https:\/\/www.atopika.org\/hr\/djelatnosti\/","og_site_name":"Atopika","article_publisher":"https:\/\/www.facebook.com\/ZavodAtopika","article_modified_time":"2020-06-26T08:12:56+00:00","og_image":[{"url":"http:\/\/www.atopika.org\/wp-content\/uploads\/2020\/03\/ines-at.jpg","type":"","width":"","height":""}],"twitter_card":"summary_large_image","schema":{"@context":"https:\/\/schema.org","@graph":[{"@type":"WebPage","@id":"https:\/\/www.atopika.org\/hr\/djelatnosti\/","url":"https:\/\/www.atopika.org\/hr\/djelatnosti\/","name":"Djelatnosti - Atopika","isPartOf":{"@id":"https:\/\/www.atopika.org\/hr\/#website"},"primaryImageOfPage":{"@id":"https:\/\/www.atopika.org\/hr\/djelatnosti\/#primaryimage"},"image":{"@id":"https:\/\/www.atopika.org\/hr\/djelatnosti\/#primaryimage"},"thumbnailUrl":"http:\/\/www.atopika.org\/wp-content\/uploads\/2020\/03\/ines-at.jpg","datePublished":"2020-02-26T09:06:34+00:00","dateModified":"2020-06-26T08:12:56+00:00","breadcrumb":{"@id":"https:\/\/www.atopika.org\/hr\/djelatnosti\/#breadcrumb"},"inLanguage":"hr","potentialAction":[{"@type":"ReadAction","target":["https:\/\/www.atopika.org\/hr\/djelatnosti\/"]}]},{"@type":"ImageObject","inLanguage":"hr","@id":"https:\/\/www.atopika.org\/hr\/djelatnosti\/#primaryimage","url":"http:\/\/www.atopika.org\/wp-content\/uploads\/2020\/03\/ines-at.jpg","contentUrl":"http:\/\/www.atopika.org\/wp-content\/uploads\/2020\/03\/ines-at.jpg"},{"@type":"BreadcrumbList","@id":"https:\/\/www.atopika.org\/hr\/djelatnosti\/#breadcrumb","itemListElement":[{"@type":"ListItem","position":1,"name":"Home","item":"https:\/\/www.atopika.org\/hr\/"},{"@type":"ListItem","position":2,"name":"Djelatnosti"}]},{"@type":"WebSite","@id":"https:\/\/www.atopika.org\/hr\/#website","url":"https:\/\/www.atopika.org\/hr\/","name":"Atopika","description":"Zavod za izobra\u017eevanje, svetovanje in podporo bolnikom z atopijskim dermatitisom","publisher":{"@id":"https:\/\/www.atopika.org\/hr\/#organization"},"potentialAction":[{"@type":"SearchAction","target":{"@type":"EntryPoint","urlTemplate":"https:\/\/www.atopika.org\/hr\/?s={search_term_string}"},"query-input":{"@type":"PropertyValueSpecification","valueRequired":true,"valueName":"search_term_string"}}],"inLanguage":"hr"},{"@type":"Organization","@id":"https:\/\/www.atopika.org\/hr\/#organization","name":"Zavod Atopika","url":"https:\/\/www.atopika.org\/hr\/","logo":{"@type":"ImageObject","inLanguage":"hr","@id":"https:\/\/www.atopika.org\/hr\/#\/schema\/logo\/image\/","url":"http:\/\/www.atopika.org\/wp-content\/uploads\/2022\/02\/LOGO-POZITIV-1.png","contentUrl":"http:\/\/www.atopika.org\/wp-content\/uploads\/2022\/02\/LOGO-POZITIV-1.png","width":802,"height":600,"caption":"Zavod Atopika"},"image":{"@id":"https:\/\/www.atopika.org\/hr\/#\/schema\/logo\/image\/"},"sameAs":["https:\/\/www.facebook.com\/ZavodAtopika"]}]}},"_links":{"self":[{"href":"https:\/\/www.atopika.org\/hr\/wp-json\/wp\/v2\/pages\/2608","targetHints":{"allow":["GET"]}}],"collection":[{"href":"https:\/\/www.atopika.org\/hr\/wp-json\/wp\/v2\/pages"}],"about":[{"href":"https:\/\/www.atopika.org\/hr\/wp-json\/wp\/v2\/types\/page"}],"author":[{"embeddable":true,"href":"https:\/\/www.atopika.org\/hr\/wp-json\/wp\/v2\/users\/4"}],"replies":[{"embeddable":true,"href":"https:\/\/www.atopika.org\/hr\/wp-json\/wp\/v2\/comments?post=2608"}],"version-history":[{"count":0,"href":"https:\/\/www.atopika.org\/hr\/wp-json\/wp\/v2\/pages\/2608\/revisions"}],"wp:attachment":[{"href":"https:\/\/www.atopika.org\/hr\/wp-json\/wp\/v2\/media?parent=2608"}],"curies":[{"name":"wp","href":"https:\/\/api.w.org\/{rel}","templated":true}]}}