{"id":2335,"date":"2020-02-26T10:09:23","date_gmt":"2020-02-26T08:09:23","guid":{"rendered":"http:\/\/www.atopika.org\/podrzite-nas\/"},"modified":"2020-05-25T19:48:14","modified_gmt":"2020-05-25T17:48:14","slug":"podrzite-nas","status":"publish","type":"page","link":"https:\/\/www.atopika.org\/hr\/o-zavodu\/podrzite-nas\/","title":{"rendered":"Podr\u017eite nas"},"content":{"rendered":"\t\t<div data-elementor-type=\"wp-page\" data-elementor-id=\"2335\" class=\"elementor elementor-2335 elementor-134\" data-elementor-post-type=\"page\">\n\t\t\t\t\t\t<section class=\"elementor-section elementor-top-section elementor-element elementor-element-7d4a6824 elementor-section-stretched elementor-section-boxed elementor-section-height-default elementor-section-height-default\" data-id=\"7d4a6824\" data-element_type=\"section\" data-e-type=\"section\" data-settings=\"{&quot;stretch_section&quot;:&quot;section-stretched&quot;}\">\n\t\t\t\t\t\t<div class=\"elementor-container elementor-column-gap-no\">\n\t\t\t\t\t<div class=\"elementor-column elementor-col-100 elementor-top-column elementor-element elementor-element-d58ec00\" data-id=\"d58ec00\" data-element_type=\"column\" data-e-type=\"column\">\n\t\t\t<div class=\"elementor-widget-wrap elementor-element-populated\">\n\t\t\t\t\t\t<div class=\"elementor-element elementor-element-1c544963 elementor-widget elementor-widget-template\" data-id=\"1c544963\" data-element_type=\"widget\" data-e-type=\"widget\" data-widget_type=\"template.default\">\n\t\t\t\t<div class=\"elementor-widget-container\">\n\t\t\t\t\t\t\t<div class=\"elementor-template\">\n\t\t\t\t\t<div data-elementor-type=\"section\" data-elementor-id=\"645\" class=\"elementor elementor-645\" data-elementor-post-type=\"elementor_library\">\n\t\t\t<div class=\"elementor-element elementor-element-4b12155 e-flex e-con-boxed e-con e-parent\" data-id=\"4b12155\" data-element_type=\"container\" data-e-type=\"container\">\n\t\t\t\t\t<div class=\"e-con-inner\">\n\t\t\t\t\t<\/div>\n\t\t\t\t<\/div>\n\t\t\t\t<\/div>\n\t\t\t\t<\/div>\n\t\t\t\t\t\t<\/div>\n\t\t\t\t<\/div>\n\t\t\t\t\t<\/div>\n\t\t<\/div>\n\t\t\t\t\t<\/div>\n\t\t<\/section>\n\t\t\t\t<section class=\"elementor-section elementor-top-section elementor-element elementor-element-7af40358 elementor-section-boxed elementor-section-height-default elementor-section-height-default\" data-id=\"7af40358\" data-element_type=\"section\" data-e-type=\"section\">\n\t\t\t\t\t\t<div class=\"elementor-container elementor-column-gap-default\">\n\t\t\t\t\t<div class=\"elementor-column elementor-col-50 elementor-top-column elementor-element elementor-element-4f85f70f\" data-id=\"4f85f70f\" data-element_type=\"column\" data-e-type=\"column\">\n\t\t\t<div class=\"elementor-widget-wrap elementor-element-populated\">\n\t\t\t\t\t\t<div class=\"elementor-element elementor-element-9742c82 elementor-widget elementor-widget-heading\" data-id=\"9742c82\" data-element_type=\"widget\" data-e-type=\"widget\" data-widget_type=\"heading.default\">\n\t\t\t\t<div class=\"elementor-widget-container\">\n\t\t\t\t\t<h2 class=\"elementor-heading-title elementor-size-default\">Donacije<\/h2>\t\t\t\t<\/div>\n\t\t\t\t<\/div>\n\t\t\t\t<div class=\"elementor-element elementor-element-8f735f9 elementor-widget elementor-widget-text-editor\" data-id=\"8f735f9\" data-element_type=\"widget\" data-e-type=\"widget\" data-widget_type=\"text-editor.default\">\n\t\t\t\t<div class=\"elementor-widget-container\">\n\t\t\t\t\t\t\t\t\t<p><strong>Zavod Atopika je neprofitna i nevladina organizacija koja se financira isklju\u010divo vlastitim aktivnostima, donacijama ljudi koji nas podr\u017eavaju i sponzorstvima.\u00a0<\/strong><\/p>\n<p>Uz pomo\u0107 va\u0161e donacije roditeljima djece s atopijskim dermatitisom i odraslim pacientima s atopijskim dermatitisom omogu\u0107it \u0107emo pristup najnovijim informacijama o ovoj ozbiljnoj bolesti i na\u010dinu lije\u010denja.<\/p>\n\t\t\t\t\t\t\t\t<\/div>\n\t\t\t\t<\/div>\n\t\t\t\t\t<\/div>\n\t\t<\/div>\n\t\t\t\t<div data-dce-background-color=\"#CD1E25\" class=\"elementor-column elementor-col-50 elementor-top-column elementor-element elementor-element-278871e\" data-id=\"278871e\" data-element_type=\"column\" data-e-type=\"column\" data-settings=\"{&quot;background_background&quot;:&quot;classic&quot;}\">\n\t\t\t<div class=\"elementor-widget-wrap elementor-element-populated\">\n\t\t\t\t\t\t<div data-dce-text-color=\"#FFFFFF\" class=\"elementor-element elementor-element-187a622 elementor-widget elementor-widget-text-editor\" data-id=\"187a622\" data-element_type=\"widget\" data-e-type=\"widget\" data-widget_type=\"text-editor.default\">\n\t\t\t\t<div class=\"elementor-widget-container\">\n\t\t\t\t\t\t\t\t\t<p>Svoj dragocjeni doprinos mo\u017eete dati na ra\u010dun otvoren u banci Delavska hranilnica Maribor.<\/p>\n<p>Broj ra\u010duna: <strong>SI56 6100 0001 7001 634<\/strong><\/p>\n<p>Svrha pla\u0107anja: <strong>DONACIJA<\/strong><\/p>\n\t\t\t\t\t\t\t\t<\/div>\n\t\t\t\t<\/div>\n\t\t\t\t\t<\/div>\n\t\t<\/div>\n\t\t\t\t\t<\/div>\n\t\t<\/section>\n\t\t\t\t<section data-dce-background-color=\"#F5F5F5\" class=\"elementor-section elementor-top-section elementor-element elementor-element-1c4e87c elementor-section-boxed elementor-section-height-default elementor-section-height-default\" data-id=\"1c4e87c\" data-element_type=\"section\" data-e-type=\"section\" data-settings=\"{&quot;background_background&quot;:&quot;classic&quot;}\">\n\t\t\t\t\t\t<div class=\"elementor-container elementor-column-gap-default\">\n\t\t\t\t\t<div class=\"elementor-column elementor-col-50 elementor-top-column elementor-element elementor-element-d7db4f8\" data-id=\"d7db4f8\" data-element_type=\"column\" data-e-type=\"column\">\n\t\t\t<div class=\"elementor-widget-wrap elementor-element-populated\">\n\t\t\t\t\t\t<div class=\"elementor-element elementor-element-340a306 elementor-widget elementor-widget-heading\" data-id=\"340a306\" data-element_type=\"widget\" data-e-type=\"widget\" data-widget_type=\"heading.default\">\n\t\t\t\t<div class=\"elementor-widget-container\">\n\t\t\t\t\t<h2 class=\"elementor-heading-title elementor-size-default\">Sponzorstvo<\/h2>\t\t\t\t<\/div>\n\t\t\t\t<\/div>\n\t\t\t\t<div class=\"elementor-element elementor-element-6d77451 elementor-widget elementor-widget-text-editor\" data-id=\"6d77451\" data-element_type=\"widget\" data-e-type=\"widget\" data-widget_type=\"text-editor.default\">\n\t\t\t\t<div class=\"elementor-widget-container\">\n\t\t\t\t\t\t\t\t\t<p>Na Zavodu Atopika tra\u017eimo <strong>sponzorsku suradnju.<\/strong><\/p>\n<p>Za vi\u0161e informacija i mogu\u0107i dogovor o suradnji dostupni smo na e-mailu: <strong>tina.mesaric@atopika.org<\/strong> i u svakom trenutku na broju telefona: <strong>0038640 225 487<\/strong>.<\/p>\n\t\t\t\t\t\t\t\t<\/div>\n\t\t\t\t<\/div>\n\t\t\t\t\t<\/div>\n\t\t<\/div>\n\t\t\t\t<div class=\"elementor-column elementor-col-50 elementor-top-column elementor-element elementor-element-5b97724\" data-id=\"5b97724\" data-element_type=\"column\" data-e-type=\"column\">\n\t\t\t<div class=\"elementor-widget-wrap elementor-element-populated\">\n\t\t\t\t\t\t<div class=\"elementor-element elementor-element-defbdd3 elementor-widget elementor-widget-heading\" data-id=\"defbdd3\" data-element_type=\"widget\" data-e-type=\"widget\" data-widget_type=\"heading.default\">\n\t\t\t\t<div class=\"elementor-widget-container\">\n\t\t\t\t\t<h2 class=\"elementor-heading-title elementor-size-default\">Volontiranje<\/h2>\t\t\t\t<\/div>\n\t\t\t\t<\/div>\n\t\t\t\t<div class=\"elementor-element elementor-element-5aa597b elementor-widget elementor-widget-text-editor\" data-id=\"5aa597b\" data-element_type=\"widget\" data-e-type=\"widget\" data-widget_type=\"text-editor.default\">\n\t\t\t\t<div class=\"elementor-widget-container\">\n\t\t\t\t\t\t\t\t\t<p>Na Zavodu Atopika radujemo se volontiranju s pojedincima. Konkretno, potrebna nam je <strong>pravna pomo\u0107, pomo\u0107 u organiziranju doga\u0111anja, pronala\u017eenju donatora i sponzora, prijevodi tekstova sa slovenskog na hrvatski &#8230;<\/strong><\/p>\n<p>Djelujte neoptere\u0107eno i slobodnom voljom za bolja prava pacijenata s atopijskim dermatitisom.<\/p>\n\t\t\t\t\t\t\t\t<\/div>\n\t\t\t\t<\/div>\n\t\t\t\t\t<\/div>\n\t\t<\/div>\n\t\t\t\t\t<\/div>\n\t\t<\/section>\n\t\t\t\t<section data-dce-background-color=\"#FFFFFF\" class=\"elementor-section elementor-top-section elementor-element elementor-element-c00dd5a elementor-section-boxed elementor-section-height-default elementor-section-height-default\" data-id=\"c00dd5a\" data-element_type=\"section\" data-e-type=\"section\" data-settings=\"{&quot;background_background&quot;:&quot;classic&quot;}\">\n\t\t\t\t\t\t<div class=\"elementor-container elementor-column-gap-default\">\n\t\t\t\t\t<div class=\"elementor-column elementor-col-100 elementor-top-column elementor-element elementor-element-0f6d764\" data-id=\"0f6d764\" data-element_type=\"column\" data-e-type=\"column\">\n\t\t\t<div class=\"elementor-widget-wrap elementor-element-populated\">\n\t\t\t\t\t\t<div data-dce-title-color=\"#000000\" class=\"elementor-element elementor-element-c4c1ac1 elementor-widget elementor-widget-heading\" data-id=\"c4c1ac1\" data-element_type=\"widget\" data-e-type=\"widget\" data-widget_type=\"heading.default\">\n\t\t\t\t<div class=\"elementor-widget-container\">\n\t\t\t\t\t<h2 class=\"elementor-heading-title elementor-size-default\">Iskreno vam se zahvaljujemo na podr\u0161ci.<br>Sami smo sna\u017eni, ali zajedno nepobjedivi!<\/h2>\t\t\t\t<\/div>\n\t\t\t\t<\/div>\n\t\t\t\t\t<\/div>\n\t\t<\/div>\n\t\t\t\t\t<\/div>\n\t\t<\/section>\n\t\t\t\t<\/div>\n\t\t","protected":false},"excerpt":{"rendered":"<p>Donacije Zavod Atopika je neprofitna i nevladina organizacija koja se financira isklju\u010divo vlastitim aktivnostima, donacijama ljudi koji nas podr\u017eavaju i sponzorstvima.\u00a0 Uz pomo\u0107 va\u0161e donacije roditeljima djece s atopijskim dermatitisom i odraslim pacientima s atopijskim dermatitisom omogu\u0107it \u0107emo pristup najnovijim informacijama o ovoj ozbiljnoj bolesti i na\u010dinu lije\u010denja. Svoj dragocjeni doprinos mo\u017eete dati na ra\u010dun [&hellip;]<\/p>\n","protected":false},"author":4,"featured_media":0,"parent":2596,"menu_order":19,"comment_status":"closed","ping_status":"closed","template":"","meta":{"site-sidebar-layout":"no-sidebar","site-content-layout":"page-builder","ast-site-content-layout":"default","site-content-style":"default","site-sidebar-style":"default","ast-global-header-display":"","ast-banner-title-visibility":"","ast-main-header-display":"","ast-hfb-above-header-display":"","ast-hfb-below-header-display":"","ast-hfb-mobile-header-display":"","site-post-title":"disabled","ast-breadcrumbs-content":"","ast-featured-img":"disabled","footer-sml-layout":"","ast-disable-related-posts":"","theme-transparent-header-meta":"default","adv-header-id-meta":"","stick-header-meta":"","header-above-stick-meta":"","header-main-stick-meta":"","header-below-stick-meta":"","astra-migrate-meta-layouts":"default","ast-page-background-enabled":"default","ast-page-background-meta":{"desktop":{"background-color":"","background-image":"","background-repeat":"repeat","background-position":"center center","background-size":"auto","background-attachment":"scroll","background-type":"","background-media":"","overlay-type":"","overlay-color":"","overlay-opacity":"","overlay-gradient":""},"tablet":{"background-color":"","background-image":"","background-repeat":"repeat","background-position":"center center","background-size":"auto","background-attachment":"scroll","background-type":"","background-media":"","overlay-type":"","overlay-color":"","overlay-opacity":"","overlay-gradient":""},"mobile":{"background-color":"","background-image":"","background-repeat":"repeat","background-position":"center center","background-size":"auto","background-attachment":"scroll","background-type":"","background-media":"","overlay-type":"","overlay-color":"","overlay-opacity":"","overlay-gradient":""}},"ast-content-background-meta":{"desktop":{"background-color":"var(--ast-global-color-5)","background-image":"","background-repeat":"repeat","background-position":"center center","background-size":"auto","background-attachment":"scroll","background-type":"","background-media":"","overlay-type":"","overlay-color":"","overlay-opacity":"","overlay-gradient":""},"tablet":{"background-color":"var(--ast-global-color-5)","background-image":"","background-repeat":"repeat","background-position":"center center","background-size":"auto","background-attachment":"scroll","background-type":"","background-media":"","overlay-type":"","overlay-color":"","overlay-opacity":"","overlay-gradient":""},"mobile":{"background-color":"var(--ast-global-color-5)","background-image":"","background-repeat":"repeat","background-position":"center center","background-size":"auto","background-attachment":"scroll","background-type":"","background-media":"","overlay-type":"","overlay-color":"","overlay-opacity":"","overlay-gradient":""}},"footnotes":""},"class_list":["post-2335","page","type-page","status-publish","hentry"],"yoast_head":"<!-- This site is optimized with the Yoast SEO plugin v27.3 - https:\/\/yoast.com\/product\/yoast-seo-wordpress\/ -->\n<title>Podr\u017eite nas - Atopika<\/title>\n<meta name=\"robots\" content=\"index, follow, max-snippet:-1, max-image-preview:large, max-video-preview:-1\" \/>\n<link rel=\"canonical\" href=\"https:\/\/www.atopika.org\/hr\/o-zavodu\/podrzite-nas\/\" \/>\n<meta property=\"og:locale\" content=\"hr_HR\" \/>\n<meta property=\"og:type\" content=\"article\" \/>\n<meta property=\"og:title\" content=\"Podr\u017eite nas - Atopika\" \/>\n<meta property=\"og:description\" content=\"Donacije Zavod Atopika je neprofitna i nevladina organizacija koja se financira isklju\u010divo vlastitim aktivnostima, donacijama ljudi koji nas podr\u017eavaju i sponzorstvima.\u00a0 Uz pomo\u0107 va\u0161e donacije roditeljima djece s atopijskim dermatitisom i odraslim pacientima s atopijskim dermatitisom omogu\u0107it \u0107emo pristup najnovijim informacijama o ovoj ozbiljnoj bolesti i na\u010dinu lije\u010denja. Svoj dragocjeni doprinos mo\u017eete dati na ra\u010dun [&hellip;]\" \/>\n<meta property=\"og:url\" content=\"https:\/\/www.atopika.org\/hr\/o-zavodu\/podrzite-nas\/\" \/>\n<meta property=\"og:site_name\" content=\"Atopika\" \/>\n<meta property=\"article:publisher\" content=\"https:\/\/www.facebook.com\/ZavodAtopika\" \/>\n<meta property=\"article:modified_time\" content=\"2020-05-25T17:48:14+00:00\" \/>\n<meta name=\"twitter:card\" content=\"summary_large_image\" \/>\n<meta name=\"twitter:label1\" content=\"Procijenjeno vrijeme \u010ditanja\" \/>\n\t<meta name=\"twitter:data1\" content=\"1 minuta\" \/>\n<script type=\"application\/ld+json\" class=\"yoast-schema-graph\">{\"@context\":\"https:\\\/\\\/schema.org\",\"@graph\":[{\"@type\":\"WebPage\",\"@id\":\"https:\\\/\\\/www.atopika.org\\\/hr\\\/o-zavodu\\\/podrzite-nas\\\/\",\"url\":\"https:\\\/\\\/www.atopika.org\\\/hr\\\/o-zavodu\\\/podrzite-nas\\\/\",\"name\":\"Podr\u017eite nas - Atopika\",\"isPartOf\":{\"@id\":\"https:\\\/\\\/www.atopika.org\\\/hr\\\/#website\"},\"datePublished\":\"2020-02-26T08:09:23+00:00\",\"dateModified\":\"2020-05-25T17:48:14+00:00\",\"breadcrumb\":{\"@id\":\"https:\\\/\\\/www.atopika.org\\\/hr\\\/o-zavodu\\\/podrzite-nas\\\/#breadcrumb\"},\"inLanguage\":\"hr\",\"potentialAction\":[{\"@type\":\"ReadAction\",\"target\":[\"https:\\\/\\\/www.atopika.org\\\/hr\\\/o-zavodu\\\/podrzite-nas\\\/\"]}]},{\"@type\":\"BreadcrumbList\",\"@id\":\"https:\\\/\\\/www.atopika.org\\\/hr\\\/o-zavodu\\\/podrzite-nas\\\/#breadcrumb\",\"itemListElement\":[{\"@type\":\"ListItem\",\"position\":1,\"name\":\"Home\",\"item\":\"https:\\\/\\\/www.atopika.org\\\/hr\\\/\"},{\"@type\":\"ListItem\",\"position\":2,\"name\":\"O zavodu\",\"item\":\"https:\\\/\\\/www.atopika.org\\\/hr\\\/o-zavodu\\\/\"},{\"@type\":\"ListItem\",\"position\":3,\"name\":\"Podr\u017eite nas\"}]},{\"@type\":\"WebSite\",\"@id\":\"https:\\\/\\\/www.atopika.org\\\/hr\\\/#website\",\"url\":\"https:\\\/\\\/www.atopika.org\\\/hr\\\/\",\"name\":\"Atopika\",\"description\":\"Zavod za izobra\u017eevanje, svetovanje in podporo bolnikom z atopijskim dermatitisom\",\"publisher\":{\"@id\":\"https:\\\/\\\/www.atopika.org\\\/hr\\\/#organization\"},\"potentialAction\":[{\"@type\":\"SearchAction\",\"target\":{\"@type\":\"EntryPoint\",\"urlTemplate\":\"https:\\\/\\\/www.atopika.org\\\/hr\\\/?s={search_term_string}\"},\"query-input\":{\"@type\":\"PropertyValueSpecification\",\"valueRequired\":true,\"valueName\":\"search_term_string\"}}],\"inLanguage\":\"hr\"},{\"@type\":\"Organization\",\"@id\":\"https:\\\/\\\/www.atopika.org\\\/hr\\\/#organization\",\"name\":\"Zavod Atopika\",\"url\":\"https:\\\/\\\/www.atopika.org\\\/hr\\\/\",\"logo\":{\"@type\":\"ImageObject\",\"inLanguage\":\"hr\",\"@id\":\"https:\\\/\\\/www.atopika.org\\\/hr\\\/#\\\/schema\\\/logo\\\/image\\\/\",\"url\":\"http:\\\/\\\/www.atopika.org\\\/wp-content\\\/uploads\\\/2022\\\/02\\\/LOGO-POZITIV-1.png\",\"contentUrl\":\"http:\\\/\\\/www.atopika.org\\\/wp-content\\\/uploads\\\/2022\\\/02\\\/LOGO-POZITIV-1.png\",\"width\":802,\"height\":600,\"caption\":\"Zavod Atopika\"},\"image\":{\"@id\":\"https:\\\/\\\/www.atopika.org\\\/hr\\\/#\\\/schema\\\/logo\\\/image\\\/\"},\"sameAs\":[\"https:\\\/\\\/www.facebook.com\\\/ZavodAtopika\"]}]}<\/script>\n<!-- \/ Yoast SEO plugin. -->","yoast_head_json":{"title":"Podr\u017eite nas - Atopika","robots":{"index":"index","follow":"follow","max-snippet":"max-snippet:-1","max-image-preview":"max-image-preview:large","max-video-preview":"max-video-preview:-1"},"canonical":"https:\/\/www.atopika.org\/hr\/o-zavodu\/podrzite-nas\/","og_locale":"hr_HR","og_type":"article","og_title":"Podr\u017eite nas - Atopika","og_description":"Donacije Zavod Atopika je neprofitna i nevladina organizacija koja se financira isklju\u010divo vlastitim aktivnostima, donacijama ljudi koji nas podr\u017eavaju i sponzorstvima.\u00a0 Uz pomo\u0107 va\u0161e donacije roditeljima djece s atopijskim dermatitisom i odraslim pacientima s atopijskim dermatitisom omogu\u0107it \u0107emo pristup najnovijim informacijama o ovoj ozbiljnoj bolesti i na\u010dinu lije\u010denja. Svoj dragocjeni doprinos mo\u017eete dati na ra\u010dun [&hellip;]","og_url":"https:\/\/www.atopika.org\/hr\/o-zavodu\/podrzite-nas\/","og_site_name":"Atopika","article_publisher":"https:\/\/www.facebook.com\/ZavodAtopika","article_modified_time":"2020-05-25T17:48:14+00:00","twitter_card":"summary_large_image","twitter_misc":{"Procijenjeno vrijeme \u010ditanja":"1 minuta"},"schema":{"@context":"https:\/\/schema.org","@graph":[{"@type":"WebPage","@id":"https:\/\/www.atopika.org\/hr\/o-zavodu\/podrzite-nas\/","url":"https:\/\/www.atopika.org\/hr\/o-zavodu\/podrzite-nas\/","name":"Podr\u017eite nas - Atopika","isPartOf":{"@id":"https:\/\/www.atopika.org\/hr\/#website"},"datePublished":"2020-02-26T08:09:23+00:00","dateModified":"2020-05-25T17:48:14+00:00","breadcrumb":{"@id":"https:\/\/www.atopika.org\/hr\/o-zavodu\/podrzite-nas\/#breadcrumb"},"inLanguage":"hr","potentialAction":[{"@type":"ReadAction","target":["https:\/\/www.atopika.org\/hr\/o-zavodu\/podrzite-nas\/"]}]},{"@type":"BreadcrumbList","@id":"https:\/\/www.atopika.org\/hr\/o-zavodu\/podrzite-nas\/#breadcrumb","itemListElement":[{"@type":"ListItem","position":1,"name":"Home","item":"https:\/\/www.atopika.org\/hr\/"},{"@type":"ListItem","position":2,"name":"O zavodu","item":"https:\/\/www.atopika.org\/hr\/o-zavodu\/"},{"@type":"ListItem","position":3,"name":"Podr\u017eite nas"}]},{"@type":"WebSite","@id":"https:\/\/www.atopika.org\/hr\/#website","url":"https:\/\/www.atopika.org\/hr\/","name":"Atopika","description":"Zavod za izobra\u017eevanje, svetovanje in podporo bolnikom z atopijskim dermatitisom","publisher":{"@id":"https:\/\/www.atopika.org\/hr\/#organization"},"potentialAction":[{"@type":"SearchAction","target":{"@type":"EntryPoint","urlTemplate":"https:\/\/www.atopika.org\/hr\/?s={search_term_string}"},"query-input":{"@type":"PropertyValueSpecification","valueRequired":true,"valueName":"search_term_string"}}],"inLanguage":"hr"},{"@type":"Organization","@id":"https:\/\/www.atopika.org\/hr\/#organization","name":"Zavod Atopika","url":"https:\/\/www.atopika.org\/hr\/","logo":{"@type":"ImageObject","inLanguage":"hr","@id":"https:\/\/www.atopika.org\/hr\/#\/schema\/logo\/image\/","url":"http:\/\/www.atopika.org\/wp-content\/uploads\/2022\/02\/LOGO-POZITIV-1.png","contentUrl":"http:\/\/www.atopika.org\/wp-content\/uploads\/2022\/02\/LOGO-POZITIV-1.png","width":802,"height":600,"caption":"Zavod Atopika"},"image":{"@id":"https:\/\/www.atopika.org\/hr\/#\/schema\/logo\/image\/"},"sameAs":["https:\/\/www.facebook.com\/ZavodAtopika"]}]}},"_links":{"self":[{"href":"https:\/\/www.atopika.org\/hr\/wp-json\/wp\/v2\/pages\/2335","targetHints":{"allow":["GET"]}}],"collection":[{"href":"https:\/\/www.atopika.org\/hr\/wp-json\/wp\/v2\/pages"}],"about":[{"href":"https:\/\/www.atopika.org\/hr\/wp-json\/wp\/v2\/types\/page"}],"author":[{"embeddable":true,"href":"https:\/\/www.atopika.org\/hr\/wp-json\/wp\/v2\/users\/4"}],"replies":[{"embeddable":true,"href":"https:\/\/www.atopika.org\/hr\/wp-json\/wp\/v2\/comments?post=2335"}],"version-history":[{"count":0,"href":"https:\/\/www.atopika.org\/hr\/wp-json\/wp\/v2\/pages\/2335\/revisions"}],"up":[{"embeddable":true,"href":"https:\/\/www.atopika.org\/hr\/wp-json\/wp\/v2\/pages\/2596"}],"wp:attachment":[{"href":"https:\/\/www.atopika.org\/hr\/wp-json\/wp\/v2\/media?parent=2335"}],"curies":[{"name":"wp","href":"https:\/\/api.w.org\/{rel}","templated":true}]}}