{"id":1708,"date":"2020-02-26T10:07:10","date_gmt":"2020-02-26T09:07:10","guid":{"rendered":"http:\/\/www.atopika.org\/grupa-za-podrsku\/"},"modified":"2020-04-23T23:54:06","modified_gmt":"2020-04-23T22:54:06","slug":"grupa-za-podrsku","status":"publish","type":"page","link":"https:\/\/www.atopika.org\/hr\/djelatnosti\/grupa-za-podrsku\/","title":{"rendered":"Grupa za podr\u0161ku"},"content":{"rendered":"\t\t<div data-elementor-type=\"wp-page\" data-elementor-id=\"1708\" class=\"elementor elementor-1708 elementor-122\" data-elementor-post-type=\"page\">\n\t\t\t\t\t\t<section class=\"elementor-section elementor-top-section elementor-element elementor-element-1f7834e2 elementor-section-stretched elementor-section-boxed elementor-section-height-default elementor-section-height-default\" data-id=\"1f7834e2\" data-element_type=\"section\" data-e-type=\"section\" data-settings=\"{&quot;stretch_section&quot;:&quot;section-stretched&quot;}\">\n\t\t\t\t\t\t<div class=\"elementor-container elementor-column-gap-no\">\n\t\t\t\t\t<div class=\"elementor-column elementor-col-100 elementor-top-column elementor-element elementor-element-6616d575\" data-id=\"6616d575\" data-element_type=\"column\" data-e-type=\"column\">\n\t\t\t<div class=\"elementor-widget-wrap elementor-element-populated\">\n\t\t\t\t\t\t<div class=\"elementor-element elementor-element-680837bf elementor-widget elementor-widget-template\" data-id=\"680837bf\" data-element_type=\"widget\" data-e-type=\"widget\" data-widget_type=\"template.default\">\n\t\t\t\t<div class=\"elementor-widget-container\">\n\t\t\t\t\t\t\t<div class=\"elementor-template\">\n\t\t\t\t\t<div data-elementor-type=\"section\" data-elementor-id=\"645\" class=\"elementor elementor-645\" data-elementor-post-type=\"elementor_library\">\n\t\t\t<div class=\"elementor-element elementor-element-4b12155 e-flex e-con-boxed e-con e-parent\" data-id=\"4b12155\" data-element_type=\"container\" data-e-type=\"container\">\n\t\t\t\t\t<div class=\"e-con-inner\">\n\t\t\t\t\t<\/div>\n\t\t\t\t<\/div>\n\t\t\t\t<\/div>\n\t\t\t\t<\/div>\n\t\t\t\t\t\t<\/div>\n\t\t\t\t<\/div>\n\t\t\t\t\t<\/div>\n\t\t<\/div>\n\t\t\t\t\t<\/div>\n\t\t<\/section>\n\t\t\t\t<section class=\"elementor-section elementor-top-section elementor-element elementor-element-35f1007e elementor-section-boxed elementor-section-height-default elementor-section-height-default\" data-id=\"35f1007e\" data-element_type=\"section\" data-e-type=\"section\">\n\t\t\t\t\t\t<div class=\"elementor-container elementor-column-gap-default\">\n\t\t\t\t\t<div class=\"elementor-column elementor-col-50 elementor-top-column elementor-element elementor-element-682981a0\" data-id=\"682981a0\" data-element_type=\"column\" data-e-type=\"column\">\n\t\t\t<div class=\"elementor-widget-wrap elementor-element-populated\">\n\t\t\t\t\t\t<div class=\"elementor-element elementor-element-2a04128e elementor-widget elementor-widget-text-editor\" data-id=\"2a04128e\" data-element_type=\"widget\" data-e-type=\"widget\" data-widget_type=\"text-editor.default\">\n\t\t\t\t<div class=\"elementor-widget-container\">\n\t\t\t\t\t\t\t\t\t<p><img fetchpriority=\"high\" decoding=\"async\" class=\" wp-image-807 alignleft\" src=\"https:\/\/www.atopika.org\/wp-content\/uploads\/2020\/03\/zavod-atopika-1-373x500.jpg\" alt=\"\" width=\"215\" height=\"288\" srcset=\"https:\/\/www.atopika.org\/wp-content\/uploads\/2020\/03\/zavod-atopika-1-373x500.jpg 373w, https:\/\/www.atopika.org\/wp-content\/uploads\/2020\/03\/zavod-atopika-1.jpg 400w\" sizes=\"(max-width: 215px) 100vw, 215px\" \/>P<\/p>\n<p>Grupa za podr\u0161ku sigurno je mjesto koje okuplja ljude sa sli\u010dnim iskustvom. <strong>Grupa je posve\u0107ena upoznavanju, me\u0111usobnom<\/strong> <strong>uva\u017eavanju i pru\u017eanju emocionalne podr\u0161ke<\/strong> <strong>osobama s atopijskim dermatitisom (ali i psorijazom i drugim &#8220;ko\u017enim&#8221; bolestima) i \u010dlanovima njihovih obitelji.<\/strong> Me\u0111u prisutnima vladaju povjerenje, diskrecija i osje\u0107aj sigurnosti i prihv\u0107enosti.<\/p>\n<p>Grupa podr\u0161ke za pacijente s atopijskim dermatitisom odr\u017eava se svakog <strong>posljednjeg \u010detvrtka u mjesecu u prostorijama Zavoda \u201eAtopika\u201c, Stantetova 12, Maribor<\/strong>. Nadam se da se vidimo!<\/p>\n<p><img decoding=\"async\" class=\"alignnone size-full wp-image-804\" src=\"https:\/\/www.atopika.org\/wp-content\/uploads\/2020\/03\/podporna-mb-lj.jpg\" alt=\"\" width=\"940\" height=\"628\" srcset=\"https:\/\/www.atopika.org\/wp-content\/uploads\/2020\/03\/podporna-mb-lj.jpg 940w, https:\/\/www.atopika.org\/wp-content\/uploads\/2020\/03\/podporna-mb-lj-500x334.jpg 500w, https:\/\/www.atopika.org\/wp-content\/uploads\/2020\/03\/podporna-mb-lj-768x513.jpg 768w\" sizes=\"(max-width: 940px) 100vw, 940px\" \/><\/p>\n\t\t\t\t\t\t\t\t<\/div>\n\t\t\t\t<\/div>\n\t\t\t\t\t<\/div>\n\t\t<\/div>\n\t\t\t\t<div class=\"elementor-column elementor-col-50 elementor-top-column elementor-element elementor-element-64b5b357 elementor-hidden-tablet elementor-hidden-phone\" data-id=\"64b5b357\" data-element_type=\"column\" data-e-type=\"column\">\n\t\t\t<div class=\"elementor-widget-wrap\">\n\t\t\t\t\t\t\t<\/div>\n\t\t<\/div>\n\t\t\t\t\t<\/div>\n\t\t<\/section>\n\t\t\t\t<\/div>\n\t\t","protected":false},"excerpt":{"rendered":"<p>P Grupa za podr\u0161ku sigurno je mjesto koje okuplja ljude sa sli\u010dnim iskustvom. Grupa je posve\u0107ena upoznavanju, me\u0111usobnom uva\u017eavanju i pru\u017eanju emocionalne podr\u0161ke osobama s atopijskim dermatitisom (ali i psorijazom i drugim &#8220;ko\u017enim&#8221; bolestima) i \u010dlanovima njihovih obitelji. Me\u0111u prisutnima vladaju povjerenje, diskrecija i osje\u0107aj sigurnosti i prihv\u0107enosti. Grupa podr\u0161ke za pacijente s atopijskim dermatitisom [&hellip;]<\/p>\n","protected":false},"author":4,"featured_media":0,"parent":2608,"menu_order":13,"comment_status":"closed","ping_status":"closed","template":"","meta":{"site-sidebar-layout":"no-sidebar","site-content-layout":"page-builder","ast-site-content-layout":"default","site-content-style":"default","site-sidebar-style":"default","ast-global-header-display":"","ast-banner-title-visibility":"","ast-main-header-display":"","ast-hfb-above-header-display":"","ast-hfb-below-header-display":"","ast-hfb-mobile-header-display":"","site-post-title":"disabled","ast-breadcrumbs-content":"","ast-featured-img":"disabled","footer-sml-layout":"","ast-disable-related-posts":"","theme-transparent-header-meta":"default","adv-header-id-meta":"","stick-header-meta":"","header-above-stick-meta":"","header-main-stick-meta":"","header-below-stick-meta":"","astra-migrate-meta-layouts":"default","ast-page-background-enabled":"default","ast-page-background-meta":{"desktop":{"background-color":"","background-image":"","background-repeat":"repeat","background-position":"center center","background-size":"auto","background-attachment":"scroll","background-type":"","background-media":"","overlay-type":"","overlay-color":"","overlay-opacity":"","overlay-gradient":""},"tablet":{"background-color":"","background-image":"","background-repeat":"repeat","background-position":"center center","background-size":"auto","background-attachment":"scroll","background-type":"","background-media":"","overlay-type":"","overlay-color":"","overlay-opacity":"","overlay-gradient":""},"mobile":{"background-color":"","background-image":"","background-repeat":"repeat","background-position":"center center","background-size":"auto","background-attachment":"scroll","background-type":"","background-media":"","overlay-type":"","overlay-color":"","overlay-opacity":"","overlay-gradient":""}},"ast-content-background-meta":{"desktop":{"background-color":"var(--ast-global-color-5)","background-image":"","background-repeat":"repeat","background-position":"center center","background-size":"auto","background-attachment":"scroll","background-type":"","background-media":"","overlay-type":"","overlay-color":"","overlay-opacity":"","overlay-gradient":""},"tablet":{"background-color":"var(--ast-global-color-5)","background-image":"","background-repeat":"repeat","background-position":"center center","background-size":"auto","background-attachment":"scroll","background-type":"","background-media":"","overlay-type":"","overlay-color":"","overlay-opacity":"","overlay-gradient":""},"mobile":{"background-color":"var(--ast-global-color-5)","background-image":"","background-repeat":"repeat","background-position":"center center","background-size":"auto","background-attachment":"scroll","background-type":"","background-media":"","overlay-type":"","overlay-color":"","overlay-opacity":"","overlay-gradient":""}},"footnotes":""},"class_list":["post-1708","page","type-page","status-publish","hentry"],"yoast_head":"<!-- This site is optimized with the Yoast SEO plugin v27.3 - https:\/\/yoast.com\/product\/yoast-seo-wordpress\/ -->\n<title>Grupa za podr\u0161ku - Atopika<\/title>\n<meta name=\"robots\" content=\"index, follow, max-snippet:-1, max-image-preview:large, max-video-preview:-1\" \/>\n<link rel=\"canonical\" href=\"https:\/\/www.atopika.org\/hr\/djelatnosti\/grupa-za-podrsku\/\" \/>\n<meta property=\"og:locale\" content=\"hr_HR\" \/>\n<meta property=\"og:type\" content=\"article\" \/>\n<meta property=\"og:title\" content=\"Grupa za podr\u0161ku - Atopika\" \/>\n<meta property=\"og:description\" content=\"P Grupa za podr\u0161ku sigurno je mjesto koje okuplja ljude sa sli\u010dnim iskustvom. Grupa je posve\u0107ena upoznavanju, me\u0111usobnom uva\u017eavanju i pru\u017eanju emocionalne podr\u0161ke osobama s atopijskim dermatitisom (ali i psorijazom i drugim &#8220;ko\u017enim&#8221; bolestima) i \u010dlanovima njihovih obitelji. Me\u0111u prisutnima vladaju povjerenje, diskrecija i osje\u0107aj sigurnosti i prihv\u0107enosti. Grupa podr\u0161ke za pacijente s atopijskim dermatitisom [&hellip;]\" \/>\n<meta property=\"og:url\" content=\"https:\/\/www.atopika.org\/hr\/djelatnosti\/grupa-za-podrsku\/\" \/>\n<meta property=\"og:site_name\" content=\"Atopika\" \/>\n<meta property=\"article:publisher\" content=\"https:\/\/www.facebook.com\/ZavodAtopika\" \/>\n<meta property=\"article:modified_time\" content=\"2020-04-23T22:54:06+00:00\" \/>\n<meta property=\"og:image\" content=\"http:\/\/www.atopika.org\/wp-content\/uploads\/2020\/03\/zavod-atopika-1-373x500.jpg\" \/>\n<meta name=\"twitter:card\" content=\"summary_large_image\" \/>\n<script type=\"application\/ld+json\" class=\"yoast-schema-graph\">{\"@context\":\"https:\\\/\\\/schema.org\",\"@graph\":[{\"@type\":\"WebPage\",\"@id\":\"https:\\\/\\\/www.atopika.org\\\/hr\\\/djelatnosti\\\/grupa-za-podrsku\\\/\",\"url\":\"https:\\\/\\\/www.atopika.org\\\/hr\\\/djelatnosti\\\/grupa-za-podrsku\\\/\",\"name\":\"Grupa za podr\u0161ku - Atopika\",\"isPartOf\":{\"@id\":\"https:\\\/\\\/www.atopika.org\\\/hr\\\/#website\"},\"primaryImageOfPage\":{\"@id\":\"https:\\\/\\\/www.atopika.org\\\/hr\\\/djelatnosti\\\/grupa-za-podrsku\\\/#primaryimage\"},\"image\":{\"@id\":\"https:\\\/\\\/www.atopika.org\\\/hr\\\/djelatnosti\\\/grupa-za-podrsku\\\/#primaryimage\"},\"thumbnailUrl\":\"http:\\\/\\\/www.atopika.org\\\/wp-content\\\/uploads\\\/2020\\\/03\\\/zavod-atopika-1-373x500.jpg\",\"datePublished\":\"2020-02-26T09:07:10+00:00\",\"dateModified\":\"2020-04-23T22:54:06+00:00\",\"breadcrumb\":{\"@id\":\"https:\\\/\\\/www.atopika.org\\\/hr\\\/djelatnosti\\\/grupa-za-podrsku\\\/#breadcrumb\"},\"inLanguage\":\"hr\",\"potentialAction\":[{\"@type\":\"ReadAction\",\"target\":[\"https:\\\/\\\/www.atopika.org\\\/hr\\\/djelatnosti\\\/grupa-za-podrsku\\\/\"]}]},{\"@type\":\"ImageObject\",\"inLanguage\":\"hr\",\"@id\":\"https:\\\/\\\/www.atopika.org\\\/hr\\\/djelatnosti\\\/grupa-za-podrsku\\\/#primaryimage\",\"url\":\"http:\\\/\\\/www.atopika.org\\\/wp-content\\\/uploads\\\/2020\\\/03\\\/zavod-atopika-1-373x500.jpg\",\"contentUrl\":\"http:\\\/\\\/www.atopika.org\\\/wp-content\\\/uploads\\\/2020\\\/03\\\/zavod-atopika-1-373x500.jpg\"},{\"@type\":\"BreadcrumbList\",\"@id\":\"https:\\\/\\\/www.atopika.org\\\/hr\\\/djelatnosti\\\/grupa-za-podrsku\\\/#breadcrumb\",\"itemListElement\":[{\"@type\":\"ListItem\",\"position\":1,\"name\":\"Home\",\"item\":\"https:\\\/\\\/www.atopika.org\\\/hr\\\/\"},{\"@type\":\"ListItem\",\"position\":2,\"name\":\"Djelatnosti\",\"item\":\"https:\\\/\\\/www.atopika.org\\\/hr\\\/dejavnosti\\\/\"},{\"@type\":\"ListItem\",\"position\":3,\"name\":\"Grupa za podr\u0161ku\"}]},{\"@type\":\"WebSite\",\"@id\":\"https:\\\/\\\/www.atopika.org\\\/hr\\\/#website\",\"url\":\"https:\\\/\\\/www.atopika.org\\\/hr\\\/\",\"name\":\"Atopika\",\"description\":\"Zavod za izobra\u017eevanje, svetovanje in podporo bolnikom z atopijskim dermatitisom\",\"publisher\":{\"@id\":\"https:\\\/\\\/www.atopika.org\\\/hr\\\/#organization\"},\"potentialAction\":[{\"@type\":\"SearchAction\",\"target\":{\"@type\":\"EntryPoint\",\"urlTemplate\":\"https:\\\/\\\/www.atopika.org\\\/hr\\\/?s={search_term_string}\"},\"query-input\":{\"@type\":\"PropertyValueSpecification\",\"valueRequired\":true,\"valueName\":\"search_term_string\"}}],\"inLanguage\":\"hr\"},{\"@type\":\"Organization\",\"@id\":\"https:\\\/\\\/www.atopika.org\\\/hr\\\/#organization\",\"name\":\"Zavod Atopika\",\"url\":\"https:\\\/\\\/www.atopika.org\\\/hr\\\/\",\"logo\":{\"@type\":\"ImageObject\",\"inLanguage\":\"hr\",\"@id\":\"https:\\\/\\\/www.atopika.org\\\/hr\\\/#\\\/schema\\\/logo\\\/image\\\/\",\"url\":\"http:\\\/\\\/www.atopika.org\\\/wp-content\\\/uploads\\\/2022\\\/02\\\/LOGO-POZITIV-1.png\",\"contentUrl\":\"http:\\\/\\\/www.atopika.org\\\/wp-content\\\/uploads\\\/2022\\\/02\\\/LOGO-POZITIV-1.png\",\"width\":802,\"height\":600,\"caption\":\"Zavod Atopika\"},\"image\":{\"@id\":\"https:\\\/\\\/www.atopika.org\\\/hr\\\/#\\\/schema\\\/logo\\\/image\\\/\"},\"sameAs\":[\"https:\\\/\\\/www.facebook.com\\\/ZavodAtopika\"]}]}<\/script>\n<!-- \/ Yoast SEO plugin. -->","yoast_head_json":{"title":"Grupa za podr\u0161ku - Atopika","robots":{"index":"index","follow":"follow","max-snippet":"max-snippet:-1","max-image-preview":"max-image-preview:large","max-video-preview":"max-video-preview:-1"},"canonical":"https:\/\/www.atopika.org\/hr\/djelatnosti\/grupa-za-podrsku\/","og_locale":"hr_HR","og_type":"article","og_title":"Grupa za podr\u0161ku - Atopika","og_description":"P Grupa za podr\u0161ku sigurno je mjesto koje okuplja ljude sa sli\u010dnim iskustvom. Grupa je posve\u0107ena upoznavanju, me\u0111usobnom uva\u017eavanju i pru\u017eanju emocionalne podr\u0161ke osobama s atopijskim dermatitisom (ali i psorijazom i drugim &#8220;ko\u017enim&#8221; bolestima) i \u010dlanovima njihovih obitelji. Me\u0111u prisutnima vladaju povjerenje, diskrecija i osje\u0107aj sigurnosti i prihv\u0107enosti. Grupa podr\u0161ke za pacijente s atopijskim dermatitisom [&hellip;]","og_url":"https:\/\/www.atopika.org\/hr\/djelatnosti\/grupa-za-podrsku\/","og_site_name":"Atopika","article_publisher":"https:\/\/www.facebook.com\/ZavodAtopika","article_modified_time":"2020-04-23T22:54:06+00:00","og_image":[{"url":"http:\/\/www.atopika.org\/wp-content\/uploads\/2020\/03\/zavod-atopika-1-373x500.jpg","type":"","width":"","height":""}],"twitter_card":"summary_large_image","schema":{"@context":"https:\/\/schema.org","@graph":[{"@type":"WebPage","@id":"https:\/\/www.atopika.org\/hr\/djelatnosti\/grupa-za-podrsku\/","url":"https:\/\/www.atopika.org\/hr\/djelatnosti\/grupa-za-podrsku\/","name":"Grupa za podr\u0161ku - Atopika","isPartOf":{"@id":"https:\/\/www.atopika.org\/hr\/#website"},"primaryImageOfPage":{"@id":"https:\/\/www.atopika.org\/hr\/djelatnosti\/grupa-za-podrsku\/#primaryimage"},"image":{"@id":"https:\/\/www.atopika.org\/hr\/djelatnosti\/grupa-za-podrsku\/#primaryimage"},"thumbnailUrl":"http:\/\/www.atopika.org\/wp-content\/uploads\/2020\/03\/zavod-atopika-1-373x500.jpg","datePublished":"2020-02-26T09:07:10+00:00","dateModified":"2020-04-23T22:54:06+00:00","breadcrumb":{"@id":"https:\/\/www.atopika.org\/hr\/djelatnosti\/grupa-za-podrsku\/#breadcrumb"},"inLanguage":"hr","potentialAction":[{"@type":"ReadAction","target":["https:\/\/www.atopika.org\/hr\/djelatnosti\/grupa-za-podrsku\/"]}]},{"@type":"ImageObject","inLanguage":"hr","@id":"https:\/\/www.atopika.org\/hr\/djelatnosti\/grupa-za-podrsku\/#primaryimage","url":"http:\/\/www.atopika.org\/wp-content\/uploads\/2020\/03\/zavod-atopika-1-373x500.jpg","contentUrl":"http:\/\/www.atopika.org\/wp-content\/uploads\/2020\/03\/zavod-atopika-1-373x500.jpg"},{"@type":"BreadcrumbList","@id":"https:\/\/www.atopika.org\/hr\/djelatnosti\/grupa-za-podrsku\/#breadcrumb","itemListElement":[{"@type":"ListItem","position":1,"name":"Home","item":"https:\/\/www.atopika.org\/hr\/"},{"@type":"ListItem","position":2,"name":"Djelatnosti","item":"https:\/\/www.atopika.org\/hr\/dejavnosti\/"},{"@type":"ListItem","position":3,"name":"Grupa za podr\u0161ku"}]},{"@type":"WebSite","@id":"https:\/\/www.atopika.org\/hr\/#website","url":"https:\/\/www.atopika.org\/hr\/","name":"Atopika","description":"Zavod za izobra\u017eevanje, svetovanje in podporo bolnikom z atopijskim dermatitisom","publisher":{"@id":"https:\/\/www.atopika.org\/hr\/#organization"},"potentialAction":[{"@type":"SearchAction","target":{"@type":"EntryPoint","urlTemplate":"https:\/\/www.atopika.org\/hr\/?s={search_term_string}"},"query-input":{"@type":"PropertyValueSpecification","valueRequired":true,"valueName":"search_term_string"}}],"inLanguage":"hr"},{"@type":"Organization","@id":"https:\/\/www.atopika.org\/hr\/#organization","name":"Zavod Atopika","url":"https:\/\/www.atopika.org\/hr\/","logo":{"@type":"ImageObject","inLanguage":"hr","@id":"https:\/\/www.atopika.org\/hr\/#\/schema\/logo\/image\/","url":"http:\/\/www.atopika.org\/wp-content\/uploads\/2022\/02\/LOGO-POZITIV-1.png","contentUrl":"http:\/\/www.atopika.org\/wp-content\/uploads\/2022\/02\/LOGO-POZITIV-1.png","width":802,"height":600,"caption":"Zavod Atopika"},"image":{"@id":"https:\/\/www.atopika.org\/hr\/#\/schema\/logo\/image\/"},"sameAs":["https:\/\/www.facebook.com\/ZavodAtopika"]}]}},"_links":{"self":[{"href":"https:\/\/www.atopika.org\/hr\/wp-json\/wp\/v2\/pages\/1708","targetHints":{"allow":["GET"]}}],"collection":[{"href":"https:\/\/www.atopika.org\/hr\/wp-json\/wp\/v2\/pages"}],"about":[{"href":"https:\/\/www.atopika.org\/hr\/wp-json\/wp\/v2\/types\/page"}],"author":[{"embeddable":true,"href":"https:\/\/www.atopika.org\/hr\/wp-json\/wp\/v2\/users\/4"}],"replies":[{"embeddable":true,"href":"https:\/\/www.atopika.org\/hr\/wp-json\/wp\/v2\/comments?post=1708"}],"version-history":[{"count":0,"href":"https:\/\/www.atopika.org\/hr\/wp-json\/wp\/v2\/pages\/1708\/revisions"}],"up":[{"embeddable":true,"href":"https:\/\/www.atopika.org\/hr\/wp-json\/wp\/v2\/pages\/2608"}],"wp:attachment":[{"href":"https:\/\/www.atopika.org\/hr\/wp-json\/wp\/v2\/media?parent=1708"}],"curies":[{"name":"wp","href":"https:\/\/api.w.org\/{rel}","templated":true}]}}