{"id":1694,"date":"2020-02-26T10:03:38","date_gmt":"2020-02-26T09:03:38","guid":{"rendered":"http:\/\/www.atopika.org\/povijest-atopijskog-dermatitisa\/"},"modified":"2024-01-27T04:34:36","modified_gmt":"2024-01-27T03:34:36","slug":"povijest-atopijskog-dermatitisa","status":"publish","type":"page","link":"https:\/\/www.atopika.org\/hr\/atopijski-dermatitis\/povijest-atopijskog-dermatitisa\/","title":{"rendered":"Povijest atopijskog dermatitisa"},"content":{"rendered":"\t\t<div data-elementor-type=\"wp-page\" data-elementor-id=\"1694\" class=\"elementor elementor-1694 elementor-98\" data-elementor-post-type=\"page\">\n\t\t\t\t\t\t<section class=\"elementor-section elementor-top-section elementor-element elementor-element-261ae4c elementor-section-stretched elementor-section-boxed elementor-section-height-default elementor-section-height-default\" data-id=\"261ae4c\" data-element_type=\"section\" data-e-type=\"section\" data-settings=\"{&quot;stretch_section&quot;:&quot;section-stretched&quot;}\">\n\t\t\t\t\t\t<div class=\"elementor-container elementor-column-gap-no\">\n\t\t\t\t\t<div class=\"elementor-column elementor-col-100 elementor-top-column elementor-element elementor-element-19a7c42\" data-id=\"19a7c42\" data-element_type=\"column\" data-e-type=\"column\">\n\t\t\t<div class=\"elementor-widget-wrap elementor-element-populated\">\n\t\t\t\t\t\t<div class=\"elementor-element elementor-element-1b870e4 elementor-widget elementor-widget-template\" data-id=\"1b870e4\" data-element_type=\"widget\" data-e-type=\"widget\" data-widget_type=\"template.default\">\n\t\t\t\t<div class=\"elementor-widget-container\">\n\t\t\t\t\t\t\t<div class=\"elementor-template\">\n\t\t\t\t\t<div data-elementor-type=\"section\" data-elementor-id=\"645\" class=\"elementor elementor-645\" data-elementor-post-type=\"elementor_library\">\n\t\t\t<div class=\"elementor-element elementor-element-4b12155 e-flex e-con-boxed e-con e-parent\" data-id=\"4b12155\" data-element_type=\"container\" data-e-type=\"container\">\n\t\t\t\t\t<div class=\"e-con-inner\">\n\t\t\t\t\t<\/div>\n\t\t\t\t<\/div>\n\t\t\t\t<\/div>\n\t\t\t\t<\/div>\n\t\t\t\t\t\t<\/div>\n\t\t\t\t<\/div>\n\t\t\t\t\t<\/div>\n\t\t<\/div>\n\t\t\t\t\t<\/div>\n\t\t<\/section>\n\t\t\t\t<section data-dce-background-image-url=\"https:\/\/www.atopika.org\/wp-content\/uploads\/2020\/03\/ikona_zgodovina_ad_2.svg\" class=\"elementor-section elementor-top-section elementor-element elementor-element-5144ce8 elementor-section-boxed elementor-section-height-default elementor-section-height-default\" data-id=\"5144ce8\" data-element_type=\"section\" data-e-type=\"section\" data-settings=\"{&quot;background_background&quot;:&quot;classic&quot;}\">\n\t\t\t\t\t\t<div class=\"elementor-container elementor-column-gap-default\">\n\t\t\t\t\t<div class=\"elementor-column elementor-col-50 elementor-top-column elementor-element elementor-element-e5d6fc0\" data-id=\"e5d6fc0\" data-element_type=\"column\" data-e-type=\"column\">\n\t\t\t<div class=\"elementor-widget-wrap elementor-element-populated\">\n\t\t\t\t\t\t<div class=\"elementor-element elementor-element-e546cea elementor-widget elementor-widget-text-editor\" data-id=\"e546cea\" data-element_type=\"widget\" data-e-type=\"widget\" data-widget_type=\"text-editor.default\">\n\t\t\t\t<div class=\"elementor-widget-container\">\n\t\t\t\t\t\t\t\t\t<p>Gr\u010dki anti\u010dki lije\u010dnik Hipokrat je prije pribli\u017eno 2500 godina prvi opisao pojavu kroni\u010dnog svrbe\u017ea ko\u017ee. Lije\u010dio je bolesnika sa izrazito suhom, tvrdom, zadebljanom i ljuskastom ko\u017eom te sna\u017eno izra\u017eenim svrbe\u017eom po cijelom tijelu<sup>1<\/sup>. Simptomi opisane bolesti podudaraju se sa simptomima bolesti koja je danas poznata po imenu <strong>atopijski dermatitis<\/strong>, odnosno <span style=\"font-size: 16px; font-style: normal; font-weight: 400;\"><strong>atopijski ekcem.<\/strong><\/span><strong><span style=\"font-size: 16px;\">\u00a0<\/span><\/strong><\/p>\n<p>Rije\u010d <strong>ekcem<\/strong>, koju je prvi uporabio lije\u010dnik Aetius iz Amile 543. godine, se \u010desto koristi kao sinonim rije\u010di <strong>dermatitis<\/strong>, a zna\u010di \u201eprovrijeti\u201c (<em>engl. boiling out<\/em>)<sup>2<\/sup>. Talijanski lije\u010dnik Girolamo Mercuriali je 1572. godine objavio rani opis atopijskog dermatitisa u medicinskoj literaturi <em>De morbis cutanei<\/em> (prvi dermatolo\u0161ki ud\u017ebenik).<sup>3,4<\/sup> Prvi zadovoljavaju\u0107i opisi bolesti se mogu na\u0107i tek pregledom literature iz 19. stolje\u0107a (pod razli\u010ditim imenima, kao \u0161to su <em>eczema rubrum, constitutional prurigo, prurigo diath\u00e9sique, prurigo Besnier<\/em><em> &#8230;).<sup>4,5,6 <\/sup><\/em>Francuski dermatolog Luis-Anne-Jean Brocq je 1903. godine prvi razlikovao atopijski dermatitis od ostalih oblika ekcema i upotrijebio izraz \u201e<strong>neurodermatitis<\/strong>\u201c. Brocq je naime pretpostavljao da je bolest povezana sa \u017eivcima, stoga su brojni lije\u010dnici i laici smatrali da je neurodermatitis psihijatrijski poreme\u0107aj. Takva pretpostavka je ve\u0107 tada bila suprotna znanoj \u010dinjenici da se bolest pojavljivala i kod ljudi s astmom, peludnom groznicom i prehrambenim alergijama. Neurodermatitis je tako na nekoliko desetlje\u0107a<sup>4<\/sup> postao op\u0107enito prihva\u0107en naziv te se i dan danas upotrebljava, ponajvi\u0161e na podru\u010dju Austrije i\u00a0 Njema\u010dke. Fred Wise i Marion Sulzberger su 1933. godine osmislili ime \u201eatopijski dermatitis\u201c. Ime se temelji na rije\u010di atopija, koju su 1923. godine oblikovali alergolozi Arthur Coca i Robert Cooke sa namjerom da opi\u0161u nasljedne <strong>preosjetljivosti na odre\u0111ene okolne alergene<\/strong>.<sup>4<\/sup> Atopija proizlazi iz gr\u010dke rije\u010di \u201eatophos\u201c i zna\u010di \u201ena drugom mjestu\u201c. Dermatitis je tako\u0111er gr\u010dkog podrijetla,\u00a0 \u201ederma\u201c zna\u010di ko\u017ea, a &#8220;itis\u201c upala.<sup>6<\/sup><\/p>\n<p>Stru\u010dnjaci i dan danas nisu ujedinjeni oko naziva <strong>atopijskog dermatitisa<\/strong>. U literaturi se pojavljuju sljede\u0107a imena:<strong> atopijski dermatitis, neurodermatitis, atopijski ekcem, atopi\u010dni ekcem, neatopijski ekcem, atopiformni dermatitis, intrinzi\u010dni dermatitis, endogeni dermatitis, ekstrinzi\u010dni dermatitis, sindrom atopijskog<\/strong> <strong>dermatitisa\/ekcema<\/strong>\u00a0&#8230; Atopijski dermatitis stoga vjerojatno niti nije kona\u010dno ime za tu bolest. Ime \u0107e se vjerojatno i dalje razvijati sukladno razvoju molekularne biologije, genetike i imunologije te sa novim etiolo\u0161kim otkri\u0107ima.<\/p>\n\t\t\t\t\t\t\t\t<\/div>\n\t\t\t\t<\/div>\n\t\t\t\t\t<\/div>\n\t\t<\/div>\n\t\t\t\t<div class=\"elementor-column elementor-col-50 elementor-top-column elementor-element elementor-element-b81b362 elementor-hidden-tablet elementor-hidden-phone\" data-id=\"b81b362\" data-element_type=\"column\" data-e-type=\"column\">\n\t\t\t<div class=\"elementor-widget-wrap elementor-element-populated\">\n\t\t\t\t\t\t<div class=\"elementor-element elementor-element-48d95d8 elementor-widget elementor-widget-template\" data-id=\"48d95d8\" data-element_type=\"widget\" data-e-type=\"widget\" data-settings=\"{&quot;sticky&quot;:&quot;top&quot;,&quot;sticky_offset&quot;:120,&quot;sticky_parent&quot;:&quot;yes&quot;,&quot;sticky_on&quot;:[&quot;desktop&quot;,&quot;tablet&quot;,&quot;mobile&quot;],&quot;sticky_effects_offset&quot;:0,&quot;sticky_anchor_link_offset&quot;:0}\" data-widget_type=\"template.default\">\n\t\t\t\t<div class=\"elementor-widget-container\">\n\t\t\t\t\t\t\t<div class=\"elementor-template\">\n\t\t\t\t\t<div data-elementor-type=\"section\" data-elementor-id=\"635\" class=\"elementor elementor-635\" data-elementor-post-type=\"elementor_library\">\n\t\t\t\t\t<section class=\"elementor-section elementor-top-section elementor-element elementor-element-f97f3ae elementor-section-boxed elementor-section-height-default elementor-section-height-default\" data-id=\"f97f3ae\" data-element_type=\"section\" data-e-type=\"section\">\n\t\t\t\t\t\t<div class=\"elementor-container elementor-column-gap-no\">\n\t\t\t\t\t<div class=\"elementor-column elementor-col-100 elementor-top-column elementor-element elementor-element-898de85\" data-id=\"898de85\" data-element_type=\"column\" data-e-type=\"column\">\n\t\t\t<div class=\"elementor-widget-wrap elementor-element-populated\">\n\t\t\t\t\t\t<div class=\"elementor-element elementor-element-c0c0816 elementor-widget elementor-widget-nav-menu\" data-id=\"c0c0816\" data-element_type=\"widget\" data-e-type=\"widget\" data-settings=\"{&quot;layout&quot;:&quot;dropdown&quot;,&quot;submenu_icon&quot;:{&quot;value&quot;:&quot;&lt;i aria-hidden=\\&quot;true\\&quot; class=\\&quot;\\&quot;&gt;&lt;\\\/i&gt;&quot;,&quot;library&quot;:&quot;&quot;}}\" data-widget_type=\"nav-menu.default\">\n\t\t\t\t<div class=\"elementor-widget-container\">\n\t\t\t\t\t\t\t\t<nav class=\"elementor-nav-menu--dropdown elementor-nav-menu__container\" aria-hidden=\"true\">\n\t\t\t\t<ul id=\"menu-2-c0c0816\" class=\"elementor-nav-menu\"><li class=\"menu-item menu-item-type-post_type menu-item-object-page menu-item-2763\"><a href=\"https:\/\/www.atopika.org\/hr\/atopijski-dermatitis\/povijest-atopijskog-dermatitisa\/\" class=\"elementor-item menu-link\" tabindex=\"-1\">Povijest<\/a><\/li>\n<li class=\"menu-item menu-item-type-post_type menu-item-object-page menu-item-2764\"><a href=\"https:\/\/www.atopika.org\/hr\/atopijski-dermatitis\/sto-je-atopijski-dermatitis\/\" class=\"elementor-item menu-link\" tabindex=\"-1\">O bolesti<\/a><\/li>\n<li class=\"menu-item menu-item-type-post_type menu-item-object-page menu-item-2765\"><a href=\"https:\/\/www.atopika.org\/hr\/atopijski-dermatitis\/uzroci-atopijskog-dermatitisa\/\" class=\"elementor-item menu-link\" tabindex=\"-1\">Uzroci<\/a><\/li>\n<li class=\"menu-item menu-item-type-post_type menu-item-object-page menu-item-2766\"><a href=\"https:\/\/www.atopika.org\/hr\/atopijski-dermatitis\/dijagnoza-atopijskog-dermatitisa\/\" class=\"elementor-item menu-link\" tabindex=\"-1\">Dijagnoza<\/a><\/li>\n<li class=\"menu-item menu-item-type-post_type menu-item-object-page menu-item-2767\"><a href=\"https:\/\/www.atopika.org\/hr\/atopijski-dermatitis\/lijecenje-atopijskog-dermatitisa\/\" class=\"elementor-item menu-link\" tabindex=\"-1\">Lije\u010denje<\/a><\/li>\n<li class=\"menu-item menu-item-type-post_type menu-item-object-page menu-item-2768\"><a href=\"https:\/\/www.atopika.org\/hr\/atopijski-dermatitis\/psiholoski-problemi\/\" class=\"elementor-item menu-link\" tabindex=\"-1\">Psiholo\u0161ki problemi<\/a><\/li>\n<li class=\"menu-item menu-item-type-post_type menu-item-object-page menu-item-2769\"><a href=\"https:\/\/www.atopika.org\/hr\/atopijski-dermatitis\/sindrom-crvene-koze\/\" class=\"elementor-item menu-link\" tabindex=\"-1\">Sindrom crvene ko\u017ee<\/a><\/li>\n<li class=\"menu-item menu-item-type-post_type menu-item-object-page menu-item-2770\"><a href=\"https:\/\/www.atopika.org\/hr\/atopijski-dermatitis\/istrazivanja-atopijskog-dermatitisa\/\" class=\"elementor-item menu-link\" tabindex=\"-1\">Istra\u017eivanja<\/a><\/li>\n<li class=\"menu-item menu-item-type-post_type menu-item-object-page menu-item-2771\"><a href=\"https:\/\/www.atopika.org\/hr\/atopijski-dermatitis\/cesto-postavljana-pitanja\/\" class=\"elementor-item menu-link\" tabindex=\"-1\">\u010cesto postavljana pitanja<\/a><\/li>\n<li class=\"menu-item menu-item-type-post_type menu-item-object-page menu-item-2772\"><a href=\"https:\/\/www.atopika.org\/hr\/atopijski-dermatitis\/literatura\/\" class=\"elementor-item menu-link\" tabindex=\"-1\">Izvor<\/a><\/li>\n<\/ul>\t\t\t<\/nav>\n\t\t\t\t\t\t<\/div>\n\t\t\t\t<\/div>\n\t\t\t\t\t<\/div>\n\t\t<\/div>\n\t\t\t\t\t<\/div>\n\t\t<\/section>\n\t\t\t\t<\/div>\n\t\t\t\t<\/div>\n\t\t\t\t\t\t<\/div>\n\t\t\t\t<\/div>\n\t\t\t\t\t<\/div>\n\t\t<\/div>\n\t\t\t\t\t<\/div>\n\t\t<\/section>\n\t\t\t\t<\/div>\n\t\t","protected":false},"excerpt":{"rendered":"<p>Gr\u010dki anti\u010dki lije\u010dnik Hipokrat je prije pribli\u017eno 2500 godina prvi opisao pojavu kroni\u010dnog svrbe\u017ea ko\u017ee. Lije\u010dio je bolesnika sa izrazito suhom, tvrdom, zadebljanom i ljuskastom ko\u017eom te sna\u017eno izra\u017eenim svrbe\u017eom po cijelom tijelu1. Simptomi opisane bolesti podudaraju se sa simptomima bolesti koja je danas poznata po imenu atopijski dermatitis, odnosno atopijski ekcem.\u00a0 Rije\u010d ekcem, koju [&hellip;]<\/p>\n","protected":false},"author":4,"featured_media":0,"parent":2324,"menu_order":1,"comment_status":"closed","ping_status":"closed","template":"","meta":{"site-sidebar-layout":"no-sidebar","site-content-layout":"page-builder","ast-site-content-layout":"default","site-content-style":"default","site-sidebar-style":"default","ast-global-header-display":"","ast-banner-title-visibility":"","ast-main-header-display":"","ast-hfb-above-header-display":"","ast-hfb-below-header-display":"","ast-hfb-mobile-header-display":"","site-post-title":"disabled","ast-breadcrumbs-content":"","ast-featured-img":"disabled","footer-sml-layout":"","ast-disable-related-posts":"","theme-transparent-header-meta":"default","adv-header-id-meta":"","stick-header-meta":"","header-above-stick-meta":"","header-main-stick-meta":"","header-below-stick-meta":"","astra-migrate-meta-layouts":"default","ast-page-background-enabled":"default","ast-page-background-meta":{"desktop":{"background-color":"","background-image":"","background-repeat":"repeat","background-position":"center center","background-size":"auto","background-attachment":"scroll","background-type":"","background-media":"","overlay-type":"","overlay-color":"","overlay-opacity":"","overlay-gradient":""},"tablet":{"background-color":"","background-image":"","background-repeat":"repeat","background-position":"center center","background-size":"auto","background-attachment":"scroll","background-type":"","background-media":"","overlay-type":"","overlay-color":"","overlay-opacity":"","overlay-gradient":""},"mobile":{"background-color":"","background-image":"","background-repeat":"repeat","background-position":"center center","background-size":"auto","background-attachment":"scroll","background-type":"","background-media":"","overlay-type":"","overlay-color":"","overlay-opacity":"","overlay-gradient":""}},"ast-content-background-meta":{"desktop":{"background-color":"var(--ast-global-color-5)","background-image":"","background-repeat":"repeat","background-position":"center center","background-size":"auto","background-attachment":"scroll","background-type":"","background-media":"","overlay-type":"","overlay-color":"","overlay-opacity":"","overlay-gradient":""},"tablet":{"background-color":"var(--ast-global-color-5)","background-image":"","background-repeat":"repeat","background-position":"center center","background-size":"auto","background-attachment":"scroll","background-type":"","background-media":"","overlay-type":"","overlay-color":"","overlay-opacity":"","overlay-gradient":""},"mobile":{"background-color":"var(--ast-global-color-5)","background-image":"","background-repeat":"repeat","background-position":"center center","background-size":"auto","background-attachment":"scroll","background-type":"","background-media":"","overlay-type":"","overlay-color":"","overlay-opacity":"","overlay-gradient":""}},"footnotes":""},"class_list":["post-1694","page","type-page","status-publish","hentry"],"yoast_head":"<!-- This site is optimized with the Yoast SEO plugin v27.3 - https:\/\/yoast.com\/product\/yoast-seo-wordpress\/ -->\n<title>Povijest atopijskog dermatitisa - Atopika<\/title>\n<meta name=\"robots\" content=\"index, follow, max-snippet:-1, max-image-preview:large, max-video-preview:-1\" \/>\n<link rel=\"canonical\" href=\"https:\/\/www.atopika.org\/hr\/atopijski-dermatitis\/povijest-atopijskog-dermatitisa\/\" \/>\n<meta property=\"og:locale\" content=\"hr_HR\" \/>\n<meta property=\"og:type\" content=\"article\" \/>\n<meta property=\"og:title\" content=\"Povijest atopijskog dermatitisa - Atopika\" \/>\n<meta property=\"og:description\" content=\"Gr\u010dki anti\u010dki lije\u010dnik Hipokrat je prije pribli\u017eno 2500 godina prvi opisao pojavu kroni\u010dnog svrbe\u017ea ko\u017ee. Lije\u010dio je bolesnika sa izrazito suhom, tvrdom, zadebljanom i ljuskastom ko\u017eom te sna\u017eno izra\u017eenim svrbe\u017eom po cijelom tijelu1. Simptomi opisane bolesti podudaraju se sa simptomima bolesti koja je danas poznata po imenu atopijski dermatitis, odnosno atopijski ekcem.\u00a0 Rije\u010d ekcem, koju [&hellip;]\" \/>\n<meta property=\"og:url\" content=\"https:\/\/www.atopika.org\/hr\/atopijski-dermatitis\/povijest-atopijskog-dermatitisa\/\" \/>\n<meta property=\"og:site_name\" content=\"Atopika\" \/>\n<meta property=\"article:publisher\" content=\"https:\/\/www.facebook.com\/ZavodAtopika\" \/>\n<meta property=\"article:modified_time\" content=\"2024-01-27T03:34:36+00:00\" \/>\n<meta name=\"twitter:card\" content=\"summary_large_image\" \/>\n<meta name=\"twitter:label1\" content=\"Procijenjeno vrijeme \u010ditanja\" \/>\n\t<meta name=\"twitter:data1\" content=\"2 minute\" \/>\n<script type=\"application\/ld+json\" class=\"yoast-schema-graph\">{\"@context\":\"https:\\\/\\\/schema.org\",\"@graph\":[{\"@type\":\"WebPage\",\"@id\":\"https:\\\/\\\/www.atopika.org\\\/hr\\\/atopijski-dermatitis\\\/povijest-atopijskog-dermatitisa\\\/\",\"url\":\"https:\\\/\\\/www.atopika.org\\\/hr\\\/atopijski-dermatitis\\\/povijest-atopijskog-dermatitisa\\\/\",\"name\":\"Povijest atopijskog dermatitisa - Atopika\",\"isPartOf\":{\"@id\":\"https:\\\/\\\/www.atopika.org\\\/hr\\\/#website\"},\"datePublished\":\"2020-02-26T09:03:38+00:00\",\"dateModified\":\"2024-01-27T03:34:36+00:00\",\"breadcrumb\":{\"@id\":\"https:\\\/\\\/www.atopika.org\\\/hr\\\/atopijski-dermatitis\\\/povijest-atopijskog-dermatitisa\\\/#breadcrumb\"},\"inLanguage\":\"hr\",\"potentialAction\":[{\"@type\":\"ReadAction\",\"target\":[\"https:\\\/\\\/www.atopika.org\\\/hr\\\/atopijski-dermatitis\\\/povijest-atopijskog-dermatitisa\\\/\"]}]},{\"@type\":\"BreadcrumbList\",\"@id\":\"https:\\\/\\\/www.atopika.org\\\/hr\\\/atopijski-dermatitis\\\/povijest-atopijskog-dermatitisa\\\/#breadcrumb\",\"itemListElement\":[{\"@type\":\"ListItem\",\"position\":1,\"name\":\"Home\",\"item\":\"https:\\\/\\\/www.atopika.org\\\/hr\\\/\"},{\"@type\":\"ListItem\",\"position\":2,\"name\":\"Atopijski dermatitis\",\"item\":\"https:\\\/\\\/www.atopika.org\\\/hr\\\/atopijski-dermatitis\\\/\"},{\"@type\":\"ListItem\",\"position\":3,\"name\":\"Povijest atopijskog dermatitisa\"}]},{\"@type\":\"WebSite\",\"@id\":\"https:\\\/\\\/www.atopika.org\\\/hr\\\/#website\",\"url\":\"https:\\\/\\\/www.atopika.org\\\/hr\\\/\",\"name\":\"Atopika\",\"description\":\"Zavod za izobra\u017eevanje, svetovanje in podporo bolnikom z atopijskim dermatitisom\",\"publisher\":{\"@id\":\"https:\\\/\\\/www.atopika.org\\\/hr\\\/#organization\"},\"potentialAction\":[{\"@type\":\"SearchAction\",\"target\":{\"@type\":\"EntryPoint\",\"urlTemplate\":\"https:\\\/\\\/www.atopika.org\\\/hr\\\/?s={search_term_string}\"},\"query-input\":{\"@type\":\"PropertyValueSpecification\",\"valueRequired\":true,\"valueName\":\"search_term_string\"}}],\"inLanguage\":\"hr\"},{\"@type\":\"Organization\",\"@id\":\"https:\\\/\\\/www.atopika.org\\\/hr\\\/#organization\",\"name\":\"Zavod Atopika\",\"url\":\"https:\\\/\\\/www.atopika.org\\\/hr\\\/\",\"logo\":{\"@type\":\"ImageObject\",\"inLanguage\":\"hr\",\"@id\":\"https:\\\/\\\/www.atopika.org\\\/hr\\\/#\\\/schema\\\/logo\\\/image\\\/\",\"url\":\"http:\\\/\\\/www.atopika.org\\\/wp-content\\\/uploads\\\/2022\\\/02\\\/LOGO-POZITIV-1.png\",\"contentUrl\":\"http:\\\/\\\/www.atopika.org\\\/wp-content\\\/uploads\\\/2022\\\/02\\\/LOGO-POZITIV-1.png\",\"width\":802,\"height\":600,\"caption\":\"Zavod Atopika\"},\"image\":{\"@id\":\"https:\\\/\\\/www.atopika.org\\\/hr\\\/#\\\/schema\\\/logo\\\/image\\\/\"},\"sameAs\":[\"https:\\\/\\\/www.facebook.com\\\/ZavodAtopika\"]}]}<\/script>\n<!-- \/ Yoast SEO plugin. -->","yoast_head_json":{"title":"Povijest atopijskog dermatitisa - Atopika","robots":{"index":"index","follow":"follow","max-snippet":"max-snippet:-1","max-image-preview":"max-image-preview:large","max-video-preview":"max-video-preview:-1"},"canonical":"https:\/\/www.atopika.org\/hr\/atopijski-dermatitis\/povijest-atopijskog-dermatitisa\/","og_locale":"hr_HR","og_type":"article","og_title":"Povijest atopijskog dermatitisa - Atopika","og_description":"Gr\u010dki anti\u010dki lije\u010dnik Hipokrat je prije pribli\u017eno 2500 godina prvi opisao pojavu kroni\u010dnog svrbe\u017ea ko\u017ee. Lije\u010dio je bolesnika sa izrazito suhom, tvrdom, zadebljanom i ljuskastom ko\u017eom te sna\u017eno izra\u017eenim svrbe\u017eom po cijelom tijelu1. Simptomi opisane bolesti podudaraju se sa simptomima bolesti koja je danas poznata po imenu atopijski dermatitis, odnosno atopijski ekcem.\u00a0 Rije\u010d ekcem, koju [&hellip;]","og_url":"https:\/\/www.atopika.org\/hr\/atopijski-dermatitis\/povijest-atopijskog-dermatitisa\/","og_site_name":"Atopika","article_publisher":"https:\/\/www.facebook.com\/ZavodAtopika","article_modified_time":"2024-01-27T03:34:36+00:00","twitter_card":"summary_large_image","twitter_misc":{"Procijenjeno vrijeme \u010ditanja":"2 minute"},"schema":{"@context":"https:\/\/schema.org","@graph":[{"@type":"WebPage","@id":"https:\/\/www.atopika.org\/hr\/atopijski-dermatitis\/povijest-atopijskog-dermatitisa\/","url":"https:\/\/www.atopika.org\/hr\/atopijski-dermatitis\/povijest-atopijskog-dermatitisa\/","name":"Povijest atopijskog dermatitisa - Atopika","isPartOf":{"@id":"https:\/\/www.atopika.org\/hr\/#website"},"datePublished":"2020-02-26T09:03:38+00:00","dateModified":"2024-01-27T03:34:36+00:00","breadcrumb":{"@id":"https:\/\/www.atopika.org\/hr\/atopijski-dermatitis\/povijest-atopijskog-dermatitisa\/#breadcrumb"},"inLanguage":"hr","potentialAction":[{"@type":"ReadAction","target":["https:\/\/www.atopika.org\/hr\/atopijski-dermatitis\/povijest-atopijskog-dermatitisa\/"]}]},{"@type":"BreadcrumbList","@id":"https:\/\/www.atopika.org\/hr\/atopijski-dermatitis\/povijest-atopijskog-dermatitisa\/#breadcrumb","itemListElement":[{"@type":"ListItem","position":1,"name":"Home","item":"https:\/\/www.atopika.org\/hr\/"},{"@type":"ListItem","position":2,"name":"Atopijski dermatitis","item":"https:\/\/www.atopika.org\/hr\/atopijski-dermatitis\/"},{"@type":"ListItem","position":3,"name":"Povijest atopijskog dermatitisa"}]},{"@type":"WebSite","@id":"https:\/\/www.atopika.org\/hr\/#website","url":"https:\/\/www.atopika.org\/hr\/","name":"Atopika","description":"Zavod za izobra\u017eevanje, svetovanje in podporo bolnikom z atopijskim dermatitisom","publisher":{"@id":"https:\/\/www.atopika.org\/hr\/#organization"},"potentialAction":[{"@type":"SearchAction","target":{"@type":"EntryPoint","urlTemplate":"https:\/\/www.atopika.org\/hr\/?s={search_term_string}"},"query-input":{"@type":"PropertyValueSpecification","valueRequired":true,"valueName":"search_term_string"}}],"inLanguage":"hr"},{"@type":"Organization","@id":"https:\/\/www.atopika.org\/hr\/#organization","name":"Zavod Atopika","url":"https:\/\/www.atopika.org\/hr\/","logo":{"@type":"ImageObject","inLanguage":"hr","@id":"https:\/\/www.atopika.org\/hr\/#\/schema\/logo\/image\/","url":"http:\/\/www.atopika.org\/wp-content\/uploads\/2022\/02\/LOGO-POZITIV-1.png","contentUrl":"http:\/\/www.atopika.org\/wp-content\/uploads\/2022\/02\/LOGO-POZITIV-1.png","width":802,"height":600,"caption":"Zavod Atopika"},"image":{"@id":"https:\/\/www.atopika.org\/hr\/#\/schema\/logo\/image\/"},"sameAs":["https:\/\/www.facebook.com\/ZavodAtopika"]}]}},"_links":{"self":[{"href":"https:\/\/www.atopika.org\/hr\/wp-json\/wp\/v2\/pages\/1694","targetHints":{"allow":["GET"]}}],"collection":[{"href":"https:\/\/www.atopika.org\/hr\/wp-json\/wp\/v2\/pages"}],"about":[{"href":"https:\/\/www.atopika.org\/hr\/wp-json\/wp\/v2\/types\/page"}],"author":[{"embeddable":true,"href":"https:\/\/www.atopika.org\/hr\/wp-json\/wp\/v2\/users\/4"}],"replies":[{"embeddable":true,"href":"https:\/\/www.atopika.org\/hr\/wp-json\/wp\/v2\/comments?post=1694"}],"version-history":[{"count":0,"href":"https:\/\/www.atopika.org\/hr\/wp-json\/wp\/v2\/pages\/1694\/revisions"}],"up":[{"embeddable":true,"href":"https:\/\/www.atopika.org\/hr\/wp-json\/wp\/v2\/pages\/2324"}],"wp:attachment":[{"href":"https:\/\/www.atopika.org\/hr\/wp-json\/wp\/v2\/media?parent=1694"}],"curies":[{"name":"wp","href":"https:\/\/api.w.org\/{rel}","templated":true}]}}